{"id":8870,"date":"2025-08-06T17:06:02","date_gmt":"2025-08-06T15:06:02","guid":{"rendered":"https:\/\/www.quellen-hof.de\/kulturgut-quellenhof\/?page_id=8870"},"modified":"2025-08-12T21:30:16","modified_gmt":"2025-08-12T19:30:16","slug":"haeuser-geschichtsbuch-von-garbisdorf-und-goepfersdorf","status":"publish","type":"page","link":"https:\/\/www.quellen-hof.de\/kulturgut-quellenhof\/haeuser-geschichtsbuch-von-garbisdorf-und-goepfersdorf\/","title":{"rendered":"H\u00e4user- &#038; Geschichtsbuch von Garbisdorf und G\u00f6pfersdorf"},"content":{"rendered":"\t\t<div data-elementor-type=\"wp-page\" data-elementor-id=\"8870\" class=\"elementor elementor-8870\">\n\t\t\t\t\t\t<section class=\"elementor-section elementor-top-section elementor-element elementor-element-2814073c elementor-section-height-min-height elementor-section-stretched elementor-section-boxed elementor-section-height-default elementor-section-items-middle\" data-id=\"2814073c\" data-element_type=\"section\" data-e-type=\"section\" data-settings=\"{&quot;stretch_section&quot;:&quot;section-stretched&quot;,&quot;background_background&quot;:&quot;classic&quot;}\">\n\t\t\t\t\t\t<div class=\"elementor-container elementor-column-gap-default\">\n\t\t\t\t\t<div class=\"elementor-column elementor-col-100 elementor-top-column elementor-element elementor-element-3d7555ce\" data-id=\"3d7555ce\" data-element_type=\"column\" data-e-type=\"column\">\n\t\t\t<div class=\"elementor-widget-wrap\">\n\t\t\t\t\t\t\t<\/div>\n\t\t<\/div>\n\t\t\t\t\t<\/div>\n\t\t<\/section>\n\t\t\t\t<section class=\"elementor-section elementor-top-section elementor-element elementor-element-33044fa1 elementor-section-boxed elementor-section-height-default elementor-section-height-default\" data-id=\"33044fa1\" data-element_type=\"section\" data-e-type=\"section\" data-settings=\"{&quot;background_background&quot;:&quot;classic&quot;}\">\n\t\t\t\t\t\t<div class=\"elementor-container elementor-column-gap-default\">\n\t\t\t\t\t<div class=\"elementor-column elementor-col-50 elementor-top-column elementor-element elementor-element-1cf55ffe\" data-id=\"1cf55ffe\" data-element_type=\"column\" data-e-type=\"column\" data-settings=\"{&quot;background_background&quot;:&quot;classic&quot;}\">\n\t\t\t<div class=\"elementor-widget-wrap elementor-element-populated\">\n\t\t\t\t\t\t<div class=\"elementor-element elementor-element-474586fc elementor-invisible elementor-widget elementor-widget-heading\" data-id=\"474586fc\" data-element_type=\"widget\" data-e-type=\"widget\" data-settings=\"{&quot;_animation&quot;:&quot;fadeInUp&quot;}\" data-widget_type=\"heading.default\">\n\t\t\t\t<div class=\"elementor-widget-container\">\n\t\t\t\t\t<h2 class=\"elementor-heading-title elementor-size-large\">_____ GESCHICHTE ZUM NACHLESEN<\/h2>\t\t\t\t<\/div>\n\t\t\t\t<\/div>\n\t\t\t\t<div class=\"elementor-element elementor-element-1421e06b elementor-invisible elementor-widget elementor-widget-heading\" data-id=\"1421e06b\" data-element_type=\"widget\" data-e-type=\"widget\" data-settings=\"{&quot;_animation&quot;:&quot;fadeInUp&quot;}\" data-widget_type=\"heading.default\">\n\t\t\t\t<div class=\"elementor-widget-container\">\n\t\t\t\t\t<h3 class=\"elementor-heading-title elementor-size-xl\">\u201eH\u00e4user- &amp; Geschichtsbuch von Garbisdorf und G\u00f6pfersdorf\u201c<\/h3>\t\t\t\t<\/div>\n\t\t\t\t<\/div>\n\t\t\t\t<div class=\"elementor-element elementor-element-5bf810fd elementor-invisible elementor-widget elementor-widget-text-editor\" data-id=\"5bf810fd\" data-element_type=\"widget\" data-e-type=\"widget\" data-settings=\"{&quot;_animation&quot;:&quot;fadeInUp&quot;}\" data-widget_type=\"text-editor.default\">\n\t\t\t\t<div class=\"elementor-widget-container\">\n\t\t\t\t\t\t\t\t\t<h6><strong>Hintergrund<\/strong><\/h6><div>1275 wurde Garbisdorf erstmals urkundlich erw\u00e4hnt. Aus diesem Anlass entsteht eine Dokumentation in Form eines &#8222;H\u00e4user- &amp; Geschichtsbuch von Garbisdorf und G\u00f6pfersdorf&#8220; (Arbeitstitel), welche die histo-rische Entwicklung darstellt und die umfangreichen Materialien zur Geschichte der Orte und Familien zusammenfasst.<\/div>\t\t\t\t\t\t\t\t<\/div>\n\t\t\t\t<\/div>\n\t\t\t\t<div class=\"elementor-element elementor-element-1b56cd14 elementor-invisible elementor-widget elementor-widget-text-editor\" data-id=\"1b56cd14\" data-element_type=\"widget\" data-e-type=\"widget\" data-settings=\"{&quot;_animation&quot;:&quot;fadeInUp&quot;}\" data-widget_type=\"text-editor.default\">\n\t\t\t\t<div class=\"elementor-widget-container\">\n\t\t\t\t\t\t\t\t\t<h6><strong>Inhalt des Buches<\/strong><\/h6><p>Komplettes H\u00e4userbuch beider D\u00f6rfer, dazu Kapitel zur Geschichte der D\u00f6rfer, Bibliographie, Extrakapitel zu einzelnen besonderen Objekten, sowie Bebilderung, sowohl historisch (z.B. Hahn-Bilder) als auch aktuelle Fotos, dazu historische und aktuelle Karten.<\/p>\t\t\t\t\t\t\t\t<\/div>\n\t\t\t\t<\/div>\n\t\t\t\t<div class=\"elementor-element elementor-element-46084bb elementor-widget elementor-widget-image\" data-id=\"46084bb\" data-element_type=\"widget\" data-e-type=\"widget\" data-widget_type=\"image.default\">\n\t\t\t\t<div class=\"elementor-widget-container\">\n\t\t\t\t\t\t\t\t\t\t\t\t\t\t\t\t<a href=\"https:\/\/www.quellen-hof.de\/kulturgut-quellenhof\/wp-content\/uploads\/2025\/08\/250627-Bestellschein-Haeuser-Geschichten-Subscription-auf-A4.jpg\" target=\"_blank\" data-lbwps-width=\"840\" data-lbwps-height=\"1186\" data-lbwps-srcsmall=\"https:\/\/www.quellen-hof.de\/kulturgut-quellenhof\/wp-content\/uploads\/2025\/08\/250627-Bestellschein-Haeuser-Geschichten-Subscription-auf-A4-212x300.jpg\">\n\t\t\t\t\t\t\t<img fetchpriority=\"high\" decoding=\"async\" width=\"823\" height=\"703\" src=\"https:\/\/www.quellen-hof.de\/kulturgut-quellenhof\/wp-content\/uploads\/2025\/08\/Bildschirmfoto-2025-08-06-um-17.10.59.png\" class=\"attachment-large size-large wp-image-8876\" alt=\"\" srcset=\"https:\/\/www.quellen-hof.de\/kulturgut-quellenhof\/wp-content\/uploads\/2025\/08\/Bildschirmfoto-2025-08-06-um-17.10.59.png 823w, https:\/\/www.quellen-hof.de\/kulturgut-quellenhof\/wp-content\/uploads\/2025\/08\/Bildschirmfoto-2025-08-06-um-17.10.59-300x256.png 300w\" sizes=\"(max-width: 823px) 100vw, 823px\" \/>\t\t\t\t\t\t\t\t<\/a>\n\t\t\t\t\t\t\t\t\t\t\t\t\t\t\t<\/div>\n\t\t\t\t<\/div>\n\t\t\t\t<div class=\"elementor-element elementor-element-3e88571e elementor-invisible elementor-widget elementor-widget-text-editor\" data-id=\"3e88571e\" data-element_type=\"widget\" data-e-type=\"widget\" data-settings=\"{&quot;_animation&quot;:&quot;fadeInUp&quot;}\" data-widget_type=\"text-editor.default\">\n\t\t\t\t<div class=\"elementor-widget-container\">\n\t\t\t\t\t\t\t\t\t<h6><strong>Jetzt vorbestellen<\/strong><\/h6><div>Sie k\u00f6nnen sich bereits heute ihr pers\u00f6nliches Exemplar dieses einmaligen Buches sichern und damit unsere Vergangenheit eintauchen und unseren Verein unterst\u00fctzen. Nutzen Sie hierf\u00fcr einfach den folgenden Bestellschein: <a href=\"https:\/\/www.quellen-hof.de\/kulturgut-quellenhof\/wp-content\/uploads\/2025\/08\/250627-Bestellschein-Haeuser-Geschichten-Subscription-auf-A4.jpg\" target=\"_blank\" rel=\"noopener\" data-lbwps-width=\"840\" data-lbwps-height=\"1186\" data-lbwps-srcsmall=\"https:\/\/www.quellen-hof.de\/kulturgut-quellenhof\/wp-content\/uploads\/2025\/08\/250627-Bestellschein-Haeuser-Geschichten-Subscription-auf-A4-212x300.jpg\">Bestellschein herunterladen<\/a><\/div><div>\u00a0<\/div><h6><strong>Angaben zur F\u00f6rderung<\/strong><\/h6><p>Name des Projektes: \u201eH\u00e4user- &amp; Geschichtsbuch von Garbisdorf und G\u00f6pfersdorf\u201c<br \/>Projekttr\u00e4ger: Heimatverein G\u00f6pfersdorf e.V.<\/p>\t\t\t\t\t\t\t\t<\/div>\n\t\t\t\t<\/div>\n\t\t\t\t\t<\/div>\n\t\t<\/div>\n\t\t\t\t<div class=\"elementor-column elementor-col-50 elementor-top-column elementor-element elementor-element-40ac3f33\" data-id=\"40ac3f33\" data-element_type=\"column\" data-e-type=\"column\">\n\t\t\t<div class=\"elementor-widget-wrap elementor-element-populated\">\n\t\t\t\t\t\t<div class=\"elementor-element elementor-element-f474c57 elementor-widget elementor-widget-text-editor\" data-id=\"f474c57\" data-element_type=\"widget\" data-e-type=\"widget\" data-widget_type=\"text-editor.default\">\n\t\t\t\t<div class=\"elementor-widget-container\">\n\t\t\t\t\t\t\t\t\t<p><b>JETZT BESTELLEN!<br \/><\/b>Sie k\u00f6nnen ab jetzt Ihr pers\u00f6nliches Exemplar vorbestellen.<br \/>Nutzen Sie daf\u00fcr folgenden Bestellschein: <span style=\"color: #99cc00;\"><a style=\"color: #99cc00;\" href=\"https:\/\/www.quellen-hof.de\/kulturgut-quellenhof\/wp-content\/uploads\/2025\/08\/250627-Bestellschein-Haeuser-Geschichten-Subscription-auf-A4.jpg\" target=\"_blank\" rel=\"noopener\" data-lbwps-width=\"840\" data-lbwps-height=\"1186\" data-lbwps-srcsmall=\"https:\/\/www.quellen-hof.de\/kulturgut-quellenhof\/wp-content\/uploads\/2025\/08\/250627-Bestellschein-Haeuser-Geschichten-Subscription-auf-A4-212x300.jpg\">Bestellschein herunterladen<\/a><br \/><\/span><\/p><p><b>Wir danken unseren Unterst\u00fctzern und F\u00f6rderern, ohne deren Engagement dieses Buch nicht m\u00f6glich w\u00e4re!<\/b><\/p>\t\t\t\t\t\t\t\t<\/div>\n\t\t\t\t<\/div>\n\t\t\t\t<div class=\"elementor-element elementor-element-4acd83fe gallery-spacing-custom elementor-widget elementor-widget-image-gallery\" data-id=\"4acd83fe\" data-element_type=\"widget\" data-e-type=\"widget\" data-widget_type=\"image-gallery.default\">\n\t\t\t\t<div class=\"elementor-widget-container\">\n\t\t\t\t\t\t\t<div class=\"elementor-image-gallery\">\n\t\t\t<div id='gallery-1' class='gallery galleryid-8870 gallery-columns-1 gallery-size-large'><figure class='gallery-item'>\n\t\t\t<div class='gallery-icon landscape'>\n\t\t\t\t<a data-elementor-open-lightbox=\"yes\" data-elementor-lightbox-slideshow=\"4acd83fe\" data-elementor-lightbox-title=\"Bildschirmfoto 2025-08-06 um 16.54.16\" data-e-action-hash=\"#elementor-action%3Aaction%3Dlightbox%26settings%3DeyJpZCI6ODg3MywidXJsIjoiaHR0cHM6XC9cL3d3dy5xdWVsbGVuLWhvZi5kZVwva3VsdHVyZ3V0LXF1ZWxsZW5ob2ZcL3dwLWNvbnRlbnRcL3VwbG9hZHNcLzIwMjVcLzA4XC9CaWxkc2NoaXJtZm90by0yMDI1LTA4LTA2LXVtLTE2LjU0LjE2LTEtZTE3NTQ0OTIzNDk1MjUucG5nIiwic2xpZGVzaG93IjoiNGFjZDgzZmUifQ%3D%3D\" href='https:\/\/www.quellen-hof.de\/kulturgut-quellenhof\/wp-content\/uploads\/2025\/08\/Bildschirmfoto-2025-08-06-um-16.54.16-1-e1754492349525.png' data-lbwps-width=\"442\" data-lbwps-height=\"89\" data-lbwps-srcsmall=\"https:\/\/www.quellen-hof.de\/kulturgut-quellenhof\/wp-content\/uploads\/2025\/08\/Bildschirmfoto-2025-08-06-um-16.54.16-1-e1754492349525-300x60.png\"><img decoding=\"async\" width=\"442\" height=\"89\" src=\"https:\/\/www.quellen-hof.de\/kulturgut-quellenhof\/wp-content\/uploads\/2025\/08\/Bildschirmfoto-2025-08-06-um-16.54.16-1-e1754492349525.png\" class=\"attachment-large size-large\" alt=\"\" srcset=\"https:\/\/www.quellen-hof.de\/kulturgut-quellenhof\/wp-content\/uploads\/2025\/08\/Bildschirmfoto-2025-08-06-um-16.54.16-1-e1754492349525.png 442w, https:\/\/www.quellen-hof.de\/kulturgut-quellenhof\/wp-content\/uploads\/2025\/08\/Bildschirmfoto-2025-08-06-um-16.54.16-1-e1754492349525-300x60.png 300w\" sizes=\"(max-width: 442px) 100vw, 442px\" \/><\/a>\n\t\t\t<\/div><\/figure><figure class='gallery-item'>\n\t\t\t<div class='gallery-icon landscape'>\n\t\t\t\t<a data-elementor-open-lightbox=\"yes\" data-elementor-lightbox-slideshow=\"4acd83fe\" data-elementor-lightbox-title=\"Bildschirmfoto 2025-08-06 um 16.54.16\" data-e-action-hash=\"#elementor-action%3Aaction%3Dlightbox%26settings%3DeyJpZCI6ODg3NCwidXJsIjoiaHR0cHM6XC9cL3d3dy5xdWVsbGVuLWhvZi5kZVwva3VsdHVyZ3V0LXF1ZWxsZW5ob2ZcL3dwLWNvbnRlbnRcL3VwbG9hZHNcLzIwMjVcLzA4XC9CaWxkc2NoaXJtZm90by0yMDI1LTA4LTA2LXVtLTE2LjU0LjE2LTItZTE3NTQ0OTI0NTQ3NDIucG5nIiwic2xpZGVzaG93IjoiNGFjZDgzZmUifQ%3D%3D\" href='https:\/\/www.quellen-hof.de\/kulturgut-quellenhof\/wp-content\/uploads\/2025\/08\/Bildschirmfoto-2025-08-06-um-16.54.16-2-e1754492454742.png' data-lbwps-width=\"487\" data-lbwps-height=\"89\" data-lbwps-srcsmall=\"https:\/\/www.quellen-hof.de\/kulturgut-quellenhof\/wp-content\/uploads\/2025\/08\/Bildschirmfoto-2025-08-06-um-16.54.16-2-e1754492454742-300x55.png\"><img decoding=\"async\" width=\"487\" height=\"89\" src=\"https:\/\/www.quellen-hof.de\/kulturgut-quellenhof\/wp-content\/uploads\/2025\/08\/Bildschirmfoto-2025-08-06-um-16.54.16-2-e1754492454742.png\" class=\"attachment-large size-large\" alt=\"\" srcset=\"https:\/\/www.quellen-hof.de\/kulturgut-quellenhof\/wp-content\/uploads\/2025\/08\/Bildschirmfoto-2025-08-06-um-16.54.16-2-e1754492454742.png 487w, https:\/\/www.quellen-hof.de\/kulturgut-quellenhof\/wp-content\/uploads\/2025\/08\/Bildschirmfoto-2025-08-06-um-16.54.16-2-e1754492454742-300x55.png 300w\" sizes=\"(max-width: 487px) 100vw, 487px\" \/><\/a>\n\t\t\t<\/div><\/figure><figure class='gallery-item'>\n\t\t\t<div class='gallery-icon landscape'>\n\t\t\t\t<a data-elementor-open-lightbox=\"yes\" data-elementor-lightbox-slideshow=\"4acd83fe\" data-elementor-lightbox-title=\"Bildschirmfoto 2025-08-06 um 16.54.27\" data-e-action-hash=\"#elementor-action%3Aaction%3Dlightbox%26settings%3DeyJpZCI6ODg3MiwidXJsIjoiaHR0cHM6XC9cL3d3dy5xdWVsbGVuLWhvZi5kZVwva3VsdHVyZ3V0LXF1ZWxsZW5ob2ZcL3dwLWNvbnRlbnRcL3VwbG9hZHNcLzIwMjVcLzA4XC9CaWxkc2NoaXJtZm90by0yMDI1LTA4LTA2LXVtLTE2LjU0LjI3LWUxNzU0NDkyNDgzMTQwLnBuZyIsInNsaWRlc2hvdyI6IjRhY2Q4M2ZlIn0%3D\" href='https:\/\/www.quellen-hof.de\/kulturgut-quellenhof\/wp-content\/uploads\/2025\/08\/Bildschirmfoto-2025-08-06-um-16.54.27-e1754492483140.png' data-lbwps-width=\"387\" data-lbwps-height=\"86\" data-lbwps-srcsmall=\"https:\/\/www.quellen-hof.de\/kulturgut-quellenhof\/wp-content\/uploads\/2025\/08\/Bildschirmfoto-2025-08-06-um-16.54.27-e1754492483140-300x67.png\"><img loading=\"lazy\" decoding=\"async\" width=\"387\" height=\"86\" src=\"https:\/\/www.quellen-hof.de\/kulturgut-quellenhof\/wp-content\/uploads\/2025\/08\/Bildschirmfoto-2025-08-06-um-16.54.27-e1754492483140.png\" class=\"attachment-large size-large\" alt=\"\" srcset=\"https:\/\/www.quellen-hof.de\/kulturgut-quellenhof\/wp-content\/uploads\/2025\/08\/Bildschirmfoto-2025-08-06-um-16.54.27-e1754492483140.png 387w, https:\/\/www.quellen-hof.de\/kulturgut-quellenhof\/wp-content\/uploads\/2025\/08\/Bildschirmfoto-2025-08-06-um-16.54.27-e1754492483140-300x67.png 300w\" sizes=\"(max-width: 387px) 100vw, 387px\" \/><\/a>\n\t\t\t<\/div><\/figure><figure class='gallery-item'>\n\t\t\t<div class='gallery-icon landscape'>\n\t\t\t\t<a data-elementor-open-lightbox=\"yes\" data-elementor-lightbox-slideshow=\"4acd83fe\" data-elementor-lightbox-title=\"Sparkasse mit 200\" data-e-action-hash=\"#elementor-action%3Aaction%3Dlightbox%26settings%3DeyJpZCI6ODg4NywidXJsIjoiaHR0cHM6XC9cL3d3dy5xdWVsbGVuLWhvZi5kZVwva3VsdHVyZ3V0LXF1ZWxsZW5ob2ZcL3dwLWNvbnRlbnRcL3VwbG9hZHNcLzIwMjVcLzA4XC9TcGFya2Fzc2UtbWl0LTIwMC5wbmciLCJzbGlkZXNob3ciOiI0YWNkODNmZSJ9\" href='https:\/\/www.quellen-hof.de\/kulturgut-quellenhof\/wp-content\/uploads\/2025\/08\/Sparkasse-mit-200.png' data-lbwps-width=\"336\" data-lbwps-height=\"150\" data-lbwps-srcsmall=\"https:\/\/www.quellen-hof.de\/kulturgut-quellenhof\/wp-content\/uploads\/2025\/08\/Sparkasse-mit-200-300x134.png\"><img loading=\"lazy\" decoding=\"async\" width=\"336\" height=\"150\" src=\"https:\/\/www.quellen-hof.de\/kulturgut-quellenhof\/wp-content\/uploads\/2025\/08\/Sparkasse-mit-200.png\" class=\"attachment-large size-large\" alt=\"\" srcset=\"https:\/\/www.quellen-hof.de\/kulturgut-quellenhof\/wp-content\/uploads\/2025\/08\/Sparkasse-mit-200.png 336w, https:\/\/www.quellen-hof.de\/kulturgut-quellenhof\/wp-content\/uploads\/2025\/08\/Sparkasse-mit-200-300x134.png 300w\" sizes=\"(max-width: 336px) 100vw, 336px\" \/><\/a>\n\t\t\t<\/div><\/figure>\n\t\t<\/div>\n\t\t<\/div>\n\t\t\t\t\t\t<\/div>\n\t\t\t\t<\/div>\n\t\t\t\t\t<\/div>\n\t\t<\/div>\n\t\t\t\t\t<\/div>\n\t\t<\/section>\n\t\t\t\t<\/div>\n\t\t","protected":false},"excerpt":{"rendered":"<p>_____ GESCHICHTE ZUM NACHLESEN \u201eH\u00e4user- &amp; Geschichtsbuch von Garbisdorf und G\u00f6pfersdorf\u201c Hintergrund 1275 wurde Garbisdorf erstmals urkundlich erw\u00e4hnt. Aus diesem Anlass entsteht eine Dokumentation in Form eines &#8222;H\u00e4user- &amp; Geschichtsbuch [&hellip;]<\/p>\n","protected":false},"author":7,"featured_media":0,"parent":0,"menu_order":0,"comment_status":"closed","ping_status":"closed","template":"","meta":{"footnotes":""},"class_list":["post-8870","page","type-page","status-publish","hentry"],"_links":{"self":[{"href":"https:\/\/www.quellen-hof.de\/kulturgut-quellenhof\/wp-json\/wp\/v2\/pages\/8870","targetHints":{"allow":["GET"]}}],"collection":[{"href":"https:\/\/www.quellen-hof.de\/kulturgut-quellenhof\/wp-json\/wp\/v2\/pages"}],"about":[{"href":"https:\/\/www.quellen-hof.de\/kulturgut-quellenhof\/wp-json\/wp\/v2\/types\/page"}],"author":[{"embeddable":true,"href":"https:\/\/www.quellen-hof.de\/kulturgut-quellenhof\/wp-json\/wp\/v2\/users\/7"}],"replies":[{"embeddable":true,"href":"https:\/\/www.quellen-hof.de\/kulturgut-quellenhof\/wp-json\/wp\/v2\/comments?post=8870"}],"version-history":[{"count":9,"href":"https:\/\/www.quellen-hof.de\/kulturgut-quellenhof\/wp-json\/wp\/v2\/pages\/8870\/revisions"}],"predecessor-version":[{"id":8890,"href":"https:\/\/www.quellen-hof.de\/kulturgut-quellenhof\/wp-json\/wp\/v2\/pages\/8870\/revisions\/8890"}],"wp:attachment":[{"href":"https:\/\/www.quellen-hof.de\/kulturgut-quellenhof\/wp-json\/wp\/v2\/media?parent=8870"}],"curies":[{"name":"wp","href":"https:\/\/api.w.org\/{rel}","templated":true}]}}