{"id":7704,"date":"2023-03-27T15:58:59","date_gmt":"2023-03-27T13:58:59","guid":{"rendered":"https:\/\/www.quellen-hof.de\/kulturgut-quellenhof\/?page_id=7704"},"modified":"2025-06-04T21:42:07","modified_gmt":"2025-06-04T19:42:07","slug":"quellenhof-mieten","status":"publish","type":"page","link":"https:\/\/www.quellen-hof.de\/kulturgut-quellenhof\/quellenhof-mieten\/","title":{"rendered":"Quellenhof mieten"},"content":{"rendered":"\t\t<div data-elementor-type=\"wp-page\" data-elementor-id=\"7704\" class=\"elementor elementor-7704\">\n\t\t\t\t\t\t<section class=\"elementor-section elementor-top-section elementor-element elementor-element-99192c3 elementor-section-height-min-height elementor-section-stretched elementor-section-boxed elementor-section-height-default elementor-section-items-middle\" data-id=\"99192c3\" data-element_type=\"section\" data-e-type=\"section\" data-settings=\"{&quot;stretch_section&quot;:&quot;section-stretched&quot;,&quot;background_background&quot;:&quot;classic&quot;}\">\n\t\t\t\t\t\t<div class=\"elementor-container elementor-column-gap-default\">\n\t\t\t\t\t<div class=\"elementor-column elementor-col-100 elementor-top-column elementor-element elementor-element-1ecdc5aa\" data-id=\"1ecdc5aa\" data-element_type=\"column\" data-e-type=\"column\">\n\t\t\t<div class=\"elementor-widget-wrap\">\n\t\t\t\t\t\t\t<\/div>\n\t\t<\/div>\n\t\t\t\t\t<\/div>\n\t\t<\/section>\n\t\t\t\t<section class=\"elementor-section elementor-top-section elementor-element elementor-element-1c431a28 elementor-section-boxed elementor-section-height-default elementor-section-height-default\" data-id=\"1c431a28\" data-element_type=\"section\" data-e-type=\"section\" data-settings=\"{&quot;background_background&quot;:&quot;classic&quot;}\">\n\t\t\t\t\t\t<div class=\"elementor-container elementor-column-gap-default\">\n\t\t\t\t\t<div class=\"elementor-column elementor-col-50 elementor-top-column elementor-element elementor-element-1d1eadcc\" data-id=\"1d1eadcc\" data-element_type=\"column\" data-e-type=\"column\" data-settings=\"{&quot;background_background&quot;:&quot;classic&quot;}\">\n\t\t\t<div class=\"elementor-widget-wrap elementor-element-populated\">\n\t\t\t\t\t\t<div class=\"elementor-element elementor-element-4cf7e90a elementor-invisible elementor-widget elementor-widget-heading\" data-id=\"4cf7e90a\" data-element_type=\"widget\" data-e-type=\"widget\" data-settings=\"{&quot;_animation&quot;:&quot;fadeInUp&quot;}\" data-widget_type=\"heading.default\">\n\t\t\t\t<div class=\"elementor-widget-container\">\n\t\t\t\t\t<h2 class=\"elementor-heading-title elementor-size-large\">_____QUELLENHOF MIETEN<\/h2>\t\t\t\t<\/div>\n\t\t\t\t<\/div>\n\t\t\t\t<div class=\"elementor-element elementor-element-4ba86e0e elementor-invisible elementor-widget elementor-widget-heading\" data-id=\"4ba86e0e\" data-element_type=\"widget\" data-e-type=\"widget\" data-settings=\"{&quot;_animation&quot;:&quot;fadeInUp&quot;}\" data-widget_type=\"heading.default\">\n\t\t\t\t<div class=\"elementor-widget-container\">\n\t\t\t\t\t<h3 class=\"elementor-heading-title elementor-size-xl\">Im Quellenhof feiern - Hochzeiten, Geburtstage und mehr.<\/h3>\t\t\t\t<\/div>\n\t\t\t\t<\/div>\n\t\t\t\t<div class=\"elementor-element elementor-element-6c405d21 elementor-invisible elementor-widget elementor-widget-text-editor\" data-id=\"6c405d21\" data-element_type=\"widget\" data-e-type=\"widget\" data-settings=\"{&quot;_animation&quot;:&quot;fadeInUp&quot;}\" data-widget_type=\"text-editor.default\">\n\t\t\t\t<div class=\"elementor-widget-container\">\n\t\t\t\t\t\t\t\t\t<p>Der Quellenhof ist ein wunderbarer Ort, um private Feiern durchf\u00fchren zu k\u00f6nnen und kann gemietet werden.<strong><br \/><\/strong><\/p><p>Die Haferscheune bietet Ihnen Platz f\u00fcr bis zu 70 G\u00e4ste. Tische, St\u00fchle und Geschirr sind vorhanden. Catering und Bedienung ist nicht vorhanden.<\/p>\t\t\t\t\t\t\t\t<\/div>\n\t\t\t\t<\/div>\n\t\t\t\t<div class=\"elementor-element elementor-element-0891181 elementor-widget elementor-widget-wpforms\" data-id=\"0891181\" data-element_type=\"widget\" data-e-type=\"widget\" data-widget_type=\"wpforms.default\">\n\t\t\t\t<div class=\"elementor-widget-container\">\n\t\t\t\t\t<style id=\"wpforms-css-vars-root\">\n\t\t\t\t:root {\n\t\t\t\t\t--wpforms-field-border-radius: 3px;\n--wpforms-field-background-color: #ffffff;\n--wpforms-field-border-color: rgba( 0, 0, 0, 0.25 );\n--wpforms-field-text-color: rgba( 0, 0, 0, 0.7 );\n--wpforms-label-color: rgba( 0, 0, 0, 0.85 );\n--wpforms-label-sublabel-color: rgba( 0, 0, 0, 0.55 );\n--wpforms-label-error-color: #d63637;\n--wpforms-button-border-radius: 3px;\n--wpforms-button-background-color: #066aab;\n--wpforms-button-text-color: #ffffff;\n--wpforms-field-size-input-height: 43px;\n--wpforms-field-size-input-spacing: 15px;\n--wpforms-field-size-font-size: 16px;\n--wpforms-field-size-line-height: 19px;\n--wpforms-field-size-padding-h: 14px;\n--wpforms-field-size-checkbox-size: 16px;\n--wpforms-field-size-sublabel-spacing: 5px;\n--wpforms-field-size-icon-size: 1;\n--wpforms-label-size-font-size: 16px;\n--wpforms-label-size-line-height: 19px;\n--wpforms-label-size-sublabel-font-size: 14px;\n--wpforms-label-size-sublabel-line-height: 17px;\n--wpforms-button-size-font-size: 17px;\n--wpforms-button-size-height: 41px;\n--wpforms-button-size-padding-h: 15px;\n--wpforms-button-size-margin-top: 10px;\n\n\t\t\t\t}\n\t\t\t<\/style><style id=\"wpforms-css-vars-elementor-widget-0891181\">\n\t\t\t\t.elementor-widget-wpforms.elementor-element-0891181 {\n\t\t\t\t\t--wpforms-field-size-input-height: 43px;\n--wpforms-field-size-input-spacing: 15px;\n--wpforms-field-size-font-size: 16px;\n--wpforms-field-size-line-height: 19px;\n--wpforms-field-size-padding-h: 14px;\n--wpforms-field-size-checkbox-size: 16px;\n--wpforms-field-size-sublabel-spacing: 5px;\n--wpforms-field-size-icon-size: 1;\n--wpforms-label-size-font-size: 16px;\n--wpforms-label-size-line-height: 19px;\n--wpforms-label-size-sublabel-font-size: 14px;\n--wpforms-label-size-sublabel-line-height: 17px;\n--wpforms-button-size-font-size: 17px;\n--wpforms-button-size-height: 41px;\n--wpforms-button-size-padding-h: 15px;\n--wpforms-button-size-margin-top: 10px;\n\n\t\t\t\t}\n\t\t\t<\/style><div class=\"wpforms-container wpforms-container-full wpforms-render-modern\" id=\"wpforms-7797\"><form id=\"wpforms-form-7797\" class=\"wpforms-validate wpforms-form wpforms-ajax-form\" data-formid=\"7797\" method=\"post\" enctype=\"multipart\/form-data\" action=\"\/kulturgut-quellenhof\/wp-json\/wp\/v2\/pages\/7704\" data-token=\"212ec4bd789843a3e67e1eb7b92dfbab\"><noscript class=\"wpforms-error-noscript\">Bitte aktiviere JavaScript in deinem Browser, um dieses Formular fertigzustellen.<\/noscript><div class=\"wpforms-hidden\" id=\"wpforms-error-noscript\">Bitte aktiviere JavaScript in deinem Browser, um dieses Formular fertigzustellen.<\/div><div class=\"wpforms-field-container\"><div id=\"wpforms-7797-field_0-container\" class=\"wpforms-field wpforms-field-name\" data-field-id=\"0\"><fieldset><legend class=\"wpforms-field-label\">Name <span class=\"wpforms-required-label\" aria-hidden=\"true\">*<\/span><\/legend><div class=\"wpforms-field-row wpforms-field-medium\"><div class=\"wpforms-field-row-block wpforms-first wpforms-one-half\"><input type=\"text\" id=\"wpforms-7797-field_0\" class=\"wpforms-field-name-first wpforms-field-required\" name=\"wpforms[fields][0][first]\" placeholder=\"Max\" aria-errormessage=\"wpforms-7797-field_0-error\" required><label for=\"wpforms-7797-field_0\" class=\"wpforms-field-sublabel after \">Vorname<\/label><\/div><div class=\"wpforms-field-row-block wpforms-one-half\"><input type=\"text\" id=\"wpforms-7797-field_0-last\" class=\"wpforms-field-name-last wpforms-field-required\" name=\"wpforms[fields][0][last]\" placeholder=\"Mustermann\" aria-errormessage=\"wpforms-7797-field_0-last-error\" required><label for=\"wpforms-7797-field_0-last\" class=\"wpforms-field-sublabel after \">Nachname<\/label><\/div><\/div><\/fieldset><\/div><div id=\"wpforms-7797-field_1-container\" class=\"wpforms-field wpforms-field-email\" data-field-id=\"1\"><label class=\"wpforms-field-label\" for=\"wpforms-7797-field_1\">E-Mail <span class=\"wpforms-required-label\" aria-hidden=\"true\">*<\/span><\/label><input type=\"email\" id=\"wpforms-7797-field_1\" class=\"wpforms-field-medium wpforms-field-required\" name=\"wpforms[fields][1]\" placeholder=\"max.mustermann@gmx.de\" spellcheck=\"false\" aria-errormessage=\"wpforms-7797-field_1-error\" required><\/div><div id=\"wpforms-7797-field_2-container\" class=\"wpforms-field wpforms-field-textarea\" data-field-id=\"2\"><label class=\"wpforms-field-label\" for=\"wpforms-7797-field_2\"> Nachricht<\/label><textarea id=\"wpforms-7797-field_2\" class=\"wpforms-field-medium\" name=\"wpforms[fields][2]\" aria-errormessage=\"wpforms-7797-field_2-error\" ><\/textarea><\/div><\/div><!-- .wpforms-field-container --><div class=\"wpforms-submit-container\" ><input type=\"hidden\" name=\"wpforms[id]\" value=\"7797\"><input type=\"hidden\" name=\"wpforms[author]\" value=\"7\"><button type=\"submit\" name=\"wpforms[submit]\" id=\"wpforms-submit-7797\" class=\"wpforms-submit\" data-alt-text=\"Anfragen\u2026\" data-submit-text=\"Jetzt Anfragen\" aria-live=\"assertive\" value=\"wpforms-submit\">Jetzt Anfragen<\/button><img decoding=\"async\" src=\"https:\/\/www.quellen-hof.de\/kulturgut-quellenhof\/wp-content\/plugins\/wpforms-lite\/assets\/images\/submit-spin.svg\" class=\"wpforms-submit-spinner\" style=\"display: none;\" width=\"26\" height=\"26\" alt=\"Wird geladen\"><\/div><\/form><\/div>  <!-- .wpforms-container -->\t\t\t\t<\/div>\n\t\t\t\t<\/div>\n\t\t\t\t<div class=\"elementor-element elementor-element-54a4389f gallery-spacing-custom elementor-invisible elementor-widget elementor-widget-image-gallery\" data-id=\"54a4389f\" data-element_type=\"widget\" data-e-type=\"widget\" data-settings=\"{&quot;_animation&quot;:&quot;fadeInUp&quot;}\" data-widget_type=\"image-gallery.default\">\n\t\t\t\t<div class=\"elementor-widget-container\">\n\t\t\t\t\t\t\t<div class=\"elementor-image-gallery\">\n\t\t\t<div id='gallery-1' class='gallery galleryid-7704 gallery-columns-2 gallery-size-large'><figure class='gallery-item'>\n\t\t\t<div class='gallery-icon landscape'>\n\t\t\t\t<a data-elementor-open-lightbox=\"yes\" data-elementor-lightbox-slideshow=\"54a4389f\" data-elementor-lightbox-title=\"Vermietung unten Haferscheune\" data-e-action-hash=\"#elementor-action%3Aaction%3Dlightbox%26settings%3DeyJpZCI6NzgwMywidXJsIjoiaHR0cHM6XC9cL3d3dy5xdWVsbGVuLWhvZi5kZVwva3VsdHVyZ3V0LXF1ZWxsZW5ob2ZcL3dwLWNvbnRlbnRcL3VwbG9hZHNcLzIwMjNcLzA0XC9WZXJtaWV0dW5nLXVudGVuLUhhZmVyc2NoZXVuZS5qcGciLCJzbGlkZXNob3ciOiI1NGE0Mzg5ZiJ9\" href='https:\/\/www.quellen-hof.de\/kulturgut-quellenhof\/wp-content\/uploads\/2023\/04\/Vermietung-unten-Haferscheune.jpg' data-lbwps-width=\"1600\" data-lbwps-height=\"1200\" data-lbwps-srcsmall=\"https:\/\/www.quellen-hof.de\/kulturgut-quellenhof\/wp-content\/uploads\/2023\/04\/Vermietung-unten-Haferscheune-300x225.jpg\"><img fetchpriority=\"high\" decoding=\"async\" width=\"1024\" height=\"768\" src=\"https:\/\/www.quellen-hof.de\/kulturgut-quellenhof\/wp-content\/uploads\/2023\/04\/Vermietung-unten-Haferscheune-1024x768.jpg\" class=\"attachment-large size-large\" alt=\"\" srcset=\"https:\/\/www.quellen-hof.de\/kulturgut-quellenhof\/wp-content\/uploads\/2023\/04\/Vermietung-unten-Haferscheune-1024x768.jpg 1024w, https:\/\/www.quellen-hof.de\/kulturgut-quellenhof\/wp-content\/uploads\/2023\/04\/Vermietung-unten-Haferscheune-300x225.jpg 300w, https:\/\/www.quellen-hof.de\/kulturgut-quellenhof\/wp-content\/uploads\/2023\/04\/Vermietung-unten-Haferscheune-1536x1152.jpg 1536w, https:\/\/www.quellen-hof.de\/kulturgut-quellenhof\/wp-content\/uploads\/2023\/04\/Vermietung-unten-Haferscheune.jpg 1600w\" sizes=\"(max-width: 1024px) 100vw, 1024px\" \/><\/a>\n\t\t\t<\/div><\/figure><figure class='gallery-item'>\n\t\t\t<div class='gallery-icon landscape'>\n\t\t\t\t<a data-elementor-open-lightbox=\"yes\" data-elementor-lightbox-slideshow=\"54a4389f\" data-elementor-lightbox-title=\"btrhdr\" data-e-action-hash=\"#elementor-action%3Aaction%3Dlightbox%26settings%3DeyJpZCI6Nzk0MSwidXJsIjoiaHR0cHM6XC9cL3d3dy5xdWVsbGVuLWhvZi5kZVwva3VsdHVyZ3V0LXF1ZWxsZW5ob2ZcL3dwLWNvbnRlbnRcL3VwbG9hZHNcLzIwMjNcLzA0XC9WZXJtaWV0dW5nLUJlaXNwaWVsLTItc2NhbGVkLmpwZyIsInNsaWRlc2hvdyI6IjU0YTQzODlmIn0%3D\" href='https:\/\/www.quellen-hof.de\/kulturgut-quellenhof\/wp-content\/uploads\/2023\/04\/Vermietung-Beispiel-2.jpg' data-lbwps-width=\"3968\" data-lbwps-height=\"2976\" data-lbwps-srcsmall=\"https:\/\/www.quellen-hof.de\/kulturgut-quellenhof\/wp-content\/uploads\/2023\/04\/Vermietung-Beispiel-2-300x225.jpg\"><img decoding=\"async\" width=\"1024\" height=\"768\" src=\"https:\/\/www.quellen-hof.de\/kulturgut-quellenhof\/wp-content\/uploads\/2023\/04\/Vermietung-Beispiel-2-1024x768.jpg\" class=\"attachment-large size-large\" alt=\"\" srcset=\"https:\/\/www.quellen-hof.de\/kulturgut-quellenhof\/wp-content\/uploads\/2023\/04\/Vermietung-Beispiel-2-1024x768.jpg 1024w, https:\/\/www.quellen-hof.de\/kulturgut-quellenhof\/wp-content\/uploads\/2023\/04\/Vermietung-Beispiel-2-300x225.jpg 300w, https:\/\/www.quellen-hof.de\/kulturgut-quellenhof\/wp-content\/uploads\/2023\/04\/Vermietung-Beispiel-2-1536x1152.jpg 1536w, https:\/\/www.quellen-hof.de\/kulturgut-quellenhof\/wp-content\/uploads\/2023\/04\/Vermietung-Beispiel-2-2048x1536.jpg 2048w\" sizes=\"(max-width: 1024px) 100vw, 1024px\" \/><\/a>\n\t\t\t<\/div><\/figure>\n\t\t<\/div>\n\t\t<\/div>\n\t\t\t\t\t\t<\/div>\n\t\t\t\t<\/div>\n\t\t\t\t\t<\/div>\n\t\t<\/div>\n\t\t\t\t<div class=\"elementor-column elementor-col-50 elementor-top-column elementor-element elementor-element-4291fd4c\" data-id=\"4291fd4c\" data-element_type=\"column\" data-e-type=\"column\">\n\t\t\t<div class=\"elementor-widget-wrap elementor-element-populated\">\n\t\t\t\t\t\t<div class=\"elementor-element elementor-element-6f1179f0 elementor-invisible elementor-widget elementor-widget-text-editor\" data-id=\"6f1179f0\" data-element_type=\"widget\" data-e-type=\"widget\" data-settings=\"{&quot;_animation&quot;:&quot;fadeInUp&quot;}\" data-widget_type=\"text-editor.default\">\n\t\t\t\t<div class=\"elementor-widget-container\">\n\t\t\t\t\t\t\t\t\t<h6><strong>Mietanfragen<br \/><\/strong><\/h6><p>Bestellungen und n\u00e4here Informationen erhalten Sie unter der Telefonnummer der Gemeinde Nobitz: 03447 513328 &#8211; Frau Woycik<\/p><p>oder Sie schreiben eine Nachricht an: <a href=\"mailto:objektverwaltung@nobitz.de\">objektverwaltung@nobitz.de<\/a><\/p><p>Gemeinde G\u00f6pfersdorf<br \/>Erf\u00fcllende Gemeinde Nobitz<br \/>Bachstra\u00dfe 1<br \/>04603 Nobitz<\/p>\t\t\t\t\t\t\t\t<\/div>\n\t\t\t\t<\/div>\n\t\t\t\t<div class=\"elementor-element elementor-element-1a74784 elementor-align-center elementor-invisible elementor-widget elementor-widget-button\" data-id=\"1a74784\" data-element_type=\"widget\" data-e-type=\"widget\" data-settings=\"{&quot;_animation&quot;:&quot;fadeInUp&quot;}\" data-widget_type=\"button.default\">\n\t\t\t\t<div class=\"elementor-widget-container\">\n\t\t\t\t\t\t\t\t\t<div class=\"elementor-button-wrapper\">\n\t\t\t\t\t<a class=\"elementor-button elementor-button-link elementor-size-sm\" href=\"mailto:objektverwaltung@nobitz.de\">\n\t\t\t\t\t\t<span class=\"elementor-button-content-wrapper\">\n\t\t\t\t\t\t<span class=\"elementor-button-icon\">\n\t\t\t\t<i aria-hidden=\"true\" class=\"fas fa-mail-bulk\"><\/i>\t\t\t<\/span>\n\t\t\t\t\t\t\t\t\t<span class=\"elementor-button-text\">Schreib uns!<\/span>\n\t\t\t\t\t<\/span>\n\t\t\t\t\t<\/a>\n\t\t\t\t<\/div>\n\t\t\t\t\t\t\t\t<\/div>\n\t\t\t\t<\/div>\n\t\t\t\t\t<\/div>\n\t\t<\/div>\n\t\t\t\t\t<\/div>\n\t\t<\/section>\n\t\t\t\t<\/div>\n\t\t","protected":false},"excerpt":{"rendered":"<p>_____QUELLENHOF MIETEN Im Quellenhof feiern &#8211; Hochzeiten, Geburtstage und mehr. Der Quellenhof ist ein wunderbarer Ort, um private Feiern durchf\u00fchren zu k\u00f6nnen und kann gemietet werden. Die Haferscheune bietet Ihnen [&hellip;]<\/p>\n","protected":false},"author":7,"featured_media":0,"parent":0,"menu_order":0,"comment_status":"closed","ping_status":"closed","template":"","meta":{"footnotes":""},"class_list":["post-7704","page","type-page","status-publish","hentry"],"_links":{"self":[{"href":"https:\/\/www.quellen-hof.de\/kulturgut-quellenhof\/wp-json\/wp\/v2\/pages\/7704","targetHints":{"allow":["GET"]}}],"collection":[{"href":"https:\/\/www.quellen-hof.de\/kulturgut-quellenhof\/wp-json\/wp\/v2\/pages"}],"about":[{"href":"https:\/\/www.quellen-hof.de\/kulturgut-quellenhof\/wp-json\/wp\/v2\/types\/page"}],"author":[{"embeddable":true,"href":"https:\/\/www.quellen-hof.de\/kulturgut-quellenhof\/wp-json\/wp\/v2\/users\/7"}],"replies":[{"embeddable":true,"href":"https:\/\/www.quellen-hof.de\/kulturgut-quellenhof\/wp-json\/wp\/v2\/comments?post=7704"}],"version-history":[{"count":32,"href":"https:\/\/www.quellen-hof.de\/kulturgut-quellenhof\/wp-json\/wp\/v2\/pages\/7704\/revisions"}],"predecessor-version":[{"id":8817,"href":"https:\/\/www.quellen-hof.de\/kulturgut-quellenhof\/wp-json\/wp\/v2\/pages\/7704\/revisions\/8817"}],"wp:attachment":[{"href":"https:\/\/www.quellen-hof.de\/kulturgut-quellenhof\/wp-json\/wp\/v2\/media?parent=7704"}],"curies":[{"name":"wp","href":"https:\/\/api.w.org\/{rel}","templated":true}]}}