{"id":7481,"date":"2023-03-17T13:17:21","date_gmt":"2023-03-17T12:17:21","guid":{"rendered":"https:\/\/www.quellen-hof.de\/kulturgut-quellenhof\/?page_id=7481"},"modified":"2023-07-21T17:08:49","modified_gmt":"2023-07-21T15:08:49","slug":"verein","status":"publish","type":"page","link":"https:\/\/www.quellen-hof.de\/kulturgut-quellenhof\/verein\/","title":{"rendered":"Verein"},"content":{"rendered":"\t\t<div data-elementor-type=\"wp-page\" data-elementor-id=\"7481\" class=\"elementor elementor-7481\">\n\t\t\t\t\t\t<section class=\"elementor-section elementor-top-section elementor-element elementor-element-4866f4f9 elementor-section-height-min-height elementor-section-stretched elementor-section-boxed elementor-section-height-default elementor-section-items-middle\" data-id=\"4866f4f9\" data-element_type=\"section\" data-e-type=\"section\" data-settings=\"{&quot;stretch_section&quot;:&quot;section-stretched&quot;,&quot;background_background&quot;:&quot;classic&quot;}\">\n\t\t\t\t\t\t<div class=\"elementor-container elementor-column-gap-default\">\n\t\t\t\t\t<div class=\"elementor-column elementor-col-100 elementor-top-column elementor-element elementor-element-72821fc3\" data-id=\"72821fc3\" data-element_type=\"column\" data-e-type=\"column\">\n\t\t\t<div class=\"elementor-widget-wrap\">\n\t\t\t\t\t\t\t<\/div>\n\t\t<\/div>\n\t\t\t\t\t<\/div>\n\t\t<\/section>\n\t\t\t\t<section class=\"elementor-section elementor-top-section elementor-element elementor-element-1107eec8 elementor-section-boxed elementor-section-height-default elementor-section-height-default\" data-id=\"1107eec8\" data-element_type=\"section\" data-e-type=\"section\" data-settings=\"{&quot;background_background&quot;:&quot;classic&quot;}\">\n\t\t\t\t\t\t<div class=\"elementor-container elementor-column-gap-default\">\n\t\t\t\t\t<div class=\"elementor-column elementor-col-50 elementor-top-column elementor-element elementor-element-4db181ae\" data-id=\"4db181ae\" data-element_type=\"column\" data-e-type=\"column\" data-settings=\"{&quot;background_background&quot;:&quot;classic&quot;}\">\n\t\t\t<div class=\"elementor-widget-wrap elementor-element-populated\">\n\t\t\t\t\t\t<div class=\"elementor-element elementor-element-3aa5d0d9 elementor-invisible elementor-widget elementor-widget-heading\" data-id=\"3aa5d0d9\" data-element_type=\"widget\" data-e-type=\"widget\" data-settings=\"{&quot;_animation&quot;:&quot;fadeInUp&quot;}\" data-widget_type=\"heading.default\">\n\t\t\t\t<div class=\"elementor-widget-container\">\n\t\t\t\t\t<h2 class=\"elementor-heading-title elementor-size-large\">_____VEREIN<\/h2>\t\t\t\t<\/div>\n\t\t\t\t<\/div>\n\t\t\t\t<div class=\"elementor-element elementor-element-56d605a9 elementor-invisible elementor-widget elementor-widget-heading\" data-id=\"56d605a9\" data-element_type=\"widget\" data-e-type=\"widget\" data-settings=\"{&quot;_animation&quot;:&quot;fadeInUp&quot;}\" data-widget_type=\"heading.default\">\n\t\t\t\t<div class=\"elementor-widget-container\">\n\t\t\t\t\t<h3 class=\"elementor-heading-title elementor-size-xl\">AUS DER GESCHICHTE DES HEIMATVEREIN G\u00d6PFERSDORF e.V.<\/h3>\t\t\t\t<\/div>\n\t\t\t\t<\/div>\n\t\t\t\t<div class=\"elementor-element elementor-element-4a4f688 elementor-invisible elementor-widget elementor-widget-text-editor\" data-id=\"4a4f688\" data-element_type=\"widget\" data-e-type=\"widget\" data-settings=\"{&quot;_animation&quot;:&quot;fadeInUp&quot;}\" data-widget_type=\"text-editor.default\">\n\t\t\t\t<div class=\"elementor-widget-container\">\n\t\t\t\t\t\t\t\t\t<p>Aufgrund einer B\u00fcrgerinitiative wurde in den Jahren 1985 bis 1987 ein kurz vor dem Abriss stehender Pferdestall rekonstruiert und als Kulturzentrum eingerichtet.<\/p><p>Bis zur &#8222;Wende&#8220; organisierte die Ortsgruppe des Kulturbundes regelm\u00e4\u00dfig Veranstaltungen. Mit den politischen Ver\u00e4nderungen durch die Einheit Deutschlands setzte erst einmal ein zunehmendes Desinteresse an Kultur ein. Trotzdem wurde ein Neuanfang versucht und am 28. Januar 1991 von einigen wenigen aktiven B\u00fcrgern der Heimatverein G\u00f6pfersorf e.V. mit Sitz im &#8222;Pferdestall&#8220; G\u00f6pfersdorf gegr\u00fcndet. Mittlerweile hat der Verein 60 aktive und einige f\u00f6rdernde Mitglieder.<\/p>\t\t\t\t\t\t\t\t<\/div>\n\t\t\t\t<\/div>\n\t\t\t\t<div class=\"elementor-element elementor-element-6f94b3b elementor-invisible elementor-widget elementor-widget-text-editor\" data-id=\"6f94b3b\" data-element_type=\"widget\" data-e-type=\"widget\" data-settings=\"{&quot;_animation&quot;:&quot;fadeInUp&quot;}\" data-widget_type=\"text-editor.default\">\n\t\t\t\t<div class=\"elementor-widget-container\">\n\t\t\t\t\t\t\t\t\t<p>Seit dem Jahr 2001 gibt es im Verein die &#8222;Interessengemeinschaft Quellenhof&#8220;, welche die Sanierung des denkmalgesch\u00fctzten Hofes in Garbisdorf ma\u00dfgeblich begleitet.<\/p><p>2007 wurde der 1. Bauabschnitt des Quellenhofes fertig gestellt und dem Heimatverein zur Nutzung als neuer Vereinssitz \u00fcbergeben.<\/p><p>Auf den folgenden Seiten finden sie einen \u00dcberblick \u00fcber die laufenden Aktivit\u00e4ten des Vereins sowie eine Vorstellung seiner aktiven Arbeitsgruppen.<\/p><h6><strong>G\u00d6PFERSDORFER HEIMATVEREIN SORGT SEIT \u00dcBER 25 JAHREN F\u00dcR KULTURELLES LEBEN<\/strong><\/h6>\t\t\t\t\t\t\t\t<\/div>\n\t\t\t\t<\/div>\n\t\t\t\t<div class=\"elementor-element elementor-element-2bb5059 elementor-invisible elementor-widget elementor-widget-text-editor\" data-id=\"2bb5059\" data-element_type=\"widget\" data-e-type=\"widget\" data-settings=\"{&quot;_animation&quot;:&quot;fadeInUp&quot;}\" data-widget_type=\"text-editor.default\">\n\t\t\t\t<div class=\"elementor-widget-container\">\n\t\t\t\t\t\t\t\t\t<h6><strong>Traditions- und Brauchtumspflege bleibt das Wichtigste<\/strong><\/h6><p>G\u00f6pfersdorf. Der G\u00f6pfersdorfer Heimatverein konnte im Jahr 2016 auf sein 25-j\u00e4hriges Bestehen zur\u00fcckblicken. Die Aktvit\u00e4ten der Heimatfreunde reichen sogar noch etwas weiter zur\u00fcck. Begonnen hat alles Mitte der 1080er-Jahre mit dem damals gegr\u00fcndeten Dorfklub G\u00f6pfersdorf sowie der Kulturbund-Ortsgruppe.<\/p><p>Nach der Wende wurde daraus der Heimatverein G\u00f6pfersdorf, der sich r\u00fchrig um das kulturelle Leben in der Gemeinde k\u00fcmmert und zahlreiche Veranstaltungen organisiert. Nach Klaus B\u00f6rngen, J\u00f6rg Schumann und Ralf Quellenmalz hat derzeit Susann Schatz den Vereinsvorsitz inne.<\/p>\t\t\t\t\t\t\t\t<\/div>\n\t\t\t\t<\/div>\n\t\t\t\t<div class=\"elementor-element elementor-element-951755f elementor-invisible elementor-widget elementor-widget-text-editor\" data-id=\"951755f\" data-element_type=\"widget\" data-e-type=\"widget\" data-settings=\"{&quot;_animation&quot;:&quot;fadeInUp&quot;}\" data-widget_type=\"text-editor.default\">\n\t\t\t\t<div class=\"elementor-widget-container\">\n\t\t\t\t\t\t\t\t\t<p>Seit einigen Jahren hat der Heimatverein seinen Sitz in der Bohlenstube des Garbisdorfer Quellenhofs. Hier treffen sich die derzeit 86 Mitglieder regelm\u00e4\u00dfig, um Pl\u00e4ne f\u00fcr die Zukunft zu schmieden. Mit dem Quellenhof wurde bereits zum zweiten Mal ein denkmalgesch\u00fctztes Objekt in der Gemeinde vor dem Verfall gerettet, dank des unerm\u00fcdlichen Engagments der Heimatfreunde.<\/p>\t\t\t\t\t\t\t\t<\/div>\n\t\t\t\t<\/div>\n\t\t\t\t<div class=\"elementor-element elementor-element-12fd9a4 elementor-invisible elementor-widget elementor-widget-text-editor\" data-id=\"12fd9a4\" data-element_type=\"widget\" data-e-type=\"widget\" data-settings=\"{&quot;_animation&quot;:&quot;fadeInUp&quot;}\" data-widget_type=\"text-editor.default\">\n\t\t\t\t<div class=\"elementor-widget-container\">\n\t\t\t\t\t\t\t\t\t<p>Begonnen hat alles mit dem G\u00f6pfersdorfer Pferdestall. Klaus B\u00f6rngen, B\u00fcrgermeister der Gemeinde, war lange Zeit Vereinsvorsitzender. Er erinnert sich an die Anfangszeit: &#8222;Wir wollten nicht l\u00e4nger zusehen, wie der Pferdestall mit dem sch\u00f6nen Laubengang verf\u00e4llt und haben uns 1985 an eine Sanierung herangewagt. Ohne die vielen flei\u00dfigen Helfer, die unz\u00e4hlige Arbeitsstunden in Eigenleistung verrichteten, w\u00e4re das nicht machbar gewesen&#8220;, betonte er.<\/p>\t\t\t\t\t\t\t\t<\/div>\n\t\t\t\t<\/div>\n\t\t\t\t<div class=\"elementor-element elementor-element-89c2312 elementor-invisible elementor-widget elementor-widget-text-editor\" data-id=\"89c2312\" data-element_type=\"widget\" data-e-type=\"widget\" data-settings=\"{&quot;_animation&quot;:&quot;fadeInUp&quot;}\" data-widget_type=\"text-editor.default\">\n\t\t\t\t<div class=\"elementor-widget-container\">\n\t\t\t\t\t\t\t\t\t<p>1986 organiserte der Dorfklub das erste Garbisdorfer Vogelschie\u00dfen und kn\u00fcpfte damit an eine bereits fr\u00fcher bestehende Tradition an, die noch heute besteht. Die Brauchtumspflege ist nach wie vor das Hauptanliegen, auch wenn sich im Laufe der Jahre das Konzept etwas ge\u00e4ndert hat.<\/p>\t\t\t\t\t\t\t\t<\/div>\n\t\t\t\t<\/div>\n\t\t\t\t<div class=\"elementor-element elementor-element-65b8add elementor-invisible elementor-widget elementor-widget-text-editor\" data-id=\"65b8add\" data-element_type=\"widget\" data-e-type=\"widget\" data-settings=\"{&quot;_animation&quot;:&quot;fadeInUp&quot;}\" data-widget_type=\"text-editor.default\">\n\t\t\t\t<div class=\"elementor-widget-container\">\n\t\t\t\t\t\t\t\t\t<p>Seit einigen Jahren findet das Vogelschie\u00dfen, genau wie alle anderen vom Heimatverein organisierten Veranstaltungen, auf dem Gel\u00e4nde des Quellenhofs statt. &#8222;Mit dem Umzug nach Garbisdorf, der 2007 erfolgte, er\u00f6ffneten sich v\u00f6llig neue M\u00f6glichkeiten, da die R\u00e4umlichkeiten viel gr\u00f6\u00dfer sind als im Pferdestall&#8220;, so Klaus B\u00f6rngen.<\/p>\t\t\t\t\t\t\t\t<\/div>\n\t\t\t\t<\/div>\n\t\t\t\t<div class=\"elementor-element elementor-element-6dba81c elementor-invisible elementor-widget elementor-widget-text-editor\" data-id=\"6dba81c\" data-element_type=\"widget\" data-e-type=\"widget\" data-settings=\"{&quot;_animation&quot;:&quot;fadeInUp&quot;}\" data-widget_type=\"text-editor.default\">\n\t\t\t\t<div class=\"elementor-widget-container\">\n\t\t\t\t\t\t\t\t\t<p>Neben Altbew\u00e4hrtem, wie die Galerie und der Keramikzirkel, entstanden im Laufe der Jahre neue Traditionen und verschiedene Veranstaltungsreihen wie das Holzbildhauerpleinair, das Oldtimertreffen und der Landfilm. Au\u00dferdem organisiert der Heimatverein regelm\u00e4\u00dfig Kabarettvorf\u00fchrungen, Konzerte und Buchlesungen.<\/p><p>Auch mit der Sanierung und Umnutzung des Wohnhauses und des Hofes wird das Konzept &#8222;Kulturgut Quellenhof&#8220; unter Regie des Heimatvereins G\u00f6pfersdorf konsequent fortgef\u00fchrt.<\/p>\t\t\t\t\t\t\t\t<\/div>\n\t\t\t\t<\/div>\n\t\t\t\t\t<\/div>\n\t\t<\/div>\n\t\t\t\t<div class=\"elementor-column elementor-col-50 elementor-top-column elementor-element elementor-element-2cc899fb\" data-id=\"2cc899fb\" data-element_type=\"column\" data-e-type=\"column\">\n\t\t\t<div class=\"elementor-widget-wrap elementor-element-populated\">\n\t\t\t\t\t\t<div class=\"elementor-element elementor-element-a6610eb elementor-invisible elementor-widget elementor-widget-text-editor\" data-id=\"a6610eb\" data-element_type=\"widget\" data-e-type=\"widget\" data-settings=\"{&quot;_animation&quot;:&quot;fadeInUp&quot;}\" data-widget_type=\"text-editor.default\">\n\t\t\t\t<div class=\"elementor-widget-container\">\n\t\t\t\t\t\t\t\t\t<h6><b>Zur Beitrittserkl\u00e4rung und Satzung:<\/b><\/h6><p>Download <a href=\"https:\/\/www.quellen-hof.de\/kulturgut-quellenhof\/wp-content\/uploads\/2023\/05\/Beitrittserklaerung_HV-SEPA-DSGV.pdf\">Beitrittserkl\u00e4rung<\/a>, <a href=\"https:\/\/www.quellen-hof.de\/kulturgut-quellenhof\/wp-content\/uploads\/2023\/05\/Satzung2010_03_126.pdf\">Satzung,<\/a> <a href=\"https:\/\/www.quellen-hof.de\/kulturgut-quellenhof\/wp-content\/uploads\/2023\/06\/SEPA-Mandat-HV.pdf\">Sepa-Lastschriftmandat<\/a><\/p>\t\t\t\t\t\t\t\t<\/div>\n\t\t\t\t<\/div>\n\t\t\t\t<div class=\"elementor-element elementor-element-2e777c2b gallery-spacing-custom elementor-widget elementor-widget-image-gallery\" data-id=\"2e777c2b\" data-element_type=\"widget\" data-e-type=\"widget\" data-widget_type=\"image-gallery.default\">\n\t\t\t\t<div class=\"elementor-widget-container\">\n\t\t\t\t\t\t\t<div class=\"elementor-image-gallery\">\n\t\t\t<div id='gallery-1' class='gallery galleryid-7481 gallery-columns-1 gallery-size-large'><figure class='gallery-item'>\n\t\t\t<div class='gallery-icon landscape'>\n\t\t\t\t<a data-elementor-open-lightbox=\"yes\" data-elementor-lightbox-slideshow=\"2e777c2b\" data-elementor-lightbox-title=\"Beispielfoto Verein 1\" data-e-action-hash=\"#elementor-action%3Aaction%3Dlightbox%26settings%3DeyJpZCI6Nzk1NywidXJsIjoiaHR0cHM6XC9cL3d3dy5xdWVsbGVuLWhvZi5kZVwva3VsdHVyZ3V0LXF1ZWxsZW5ob2ZcL3dwLWNvbnRlbnRcL3VwbG9hZHNcLzIwMjNcLzA0XC9CZWlzcGllbGZvdG8tVmVyZWluLTEuanBnIiwic2xpZGVzaG93IjoiMmU3NzdjMmIifQ%3D%3D\" href='https:\/\/www.quellen-hof.de\/kulturgut-quellenhof\/wp-content\/uploads\/2023\/04\/Beispielfoto-Verein-1.jpg' data-lbwps-width=\"2000\" data-lbwps-height=\"1333\" data-lbwps-srcsmall=\"https:\/\/www.quellen-hof.de\/kulturgut-quellenhof\/wp-content\/uploads\/2023\/04\/Beispielfoto-Verein-1-300x200.jpg\"><img fetchpriority=\"high\" decoding=\"async\" width=\"1024\" height=\"682\" src=\"https:\/\/www.quellen-hof.de\/kulturgut-quellenhof\/wp-content\/uploads\/2023\/04\/Beispielfoto-Verein-1-1024x682.jpg\" class=\"attachment-large size-large\" alt=\"\" srcset=\"https:\/\/www.quellen-hof.de\/kulturgut-quellenhof\/wp-content\/uploads\/2023\/04\/Beispielfoto-Verein-1-1024x682.jpg 1024w, https:\/\/www.quellen-hof.de\/kulturgut-quellenhof\/wp-content\/uploads\/2023\/04\/Beispielfoto-Verein-1-300x200.jpg 300w, https:\/\/www.quellen-hof.de\/kulturgut-quellenhof\/wp-content\/uploads\/2023\/04\/Beispielfoto-Verein-1-1536x1024.jpg 1536w, https:\/\/www.quellen-hof.de\/kulturgut-quellenhof\/wp-content\/uploads\/2023\/04\/Beispielfoto-Verein-1.jpg 2000w\" sizes=\"(max-width: 1024px) 100vw, 1024px\" \/><\/a>\n\t\t\t<\/div><\/figure><figure class='gallery-item'>\n\t\t\t<div class='gallery-icon landscape'>\n\t\t\t\t<a data-elementor-open-lightbox=\"yes\" data-elementor-lightbox-slideshow=\"2e777c2b\" data-elementor-lightbox-title=\"btr\" data-e-action-hash=\"#elementor-action%3Aaction%3Dlightbox%26settings%3DeyJpZCI6Nzk1OCwidXJsIjoiaHR0cHM6XC9cL3d3dy5xdWVsbGVuLWhvZi5kZVwva3VsdHVyZ3V0LXF1ZWxsZW5ob2ZcL3dwLWNvbnRlbnRcL3VwbG9hZHNcLzIwMjNcLzA0XC9CZWlzcGllbGZvdG8tVmVyZWluLTMtc2NhbGVkLmpwZyIsInNsaWRlc2hvdyI6IjJlNzc3YzJiIn0%3D\" href='https:\/\/www.quellen-hof.de\/kulturgut-quellenhof\/wp-content\/uploads\/2023\/04\/Beispielfoto-Verein-3.jpg' data-lbwps-width=\"3968\" data-lbwps-height=\"2976\" data-lbwps-srcsmall=\"https:\/\/www.quellen-hof.de\/kulturgut-quellenhof\/wp-content\/uploads\/2023\/04\/Beispielfoto-Verein-3-300x225.jpg\"><img decoding=\"async\" width=\"1024\" height=\"768\" src=\"https:\/\/www.quellen-hof.de\/kulturgut-quellenhof\/wp-content\/uploads\/2023\/04\/Beispielfoto-Verein-3-1024x768.jpg\" class=\"attachment-large size-large\" alt=\"\" srcset=\"https:\/\/www.quellen-hof.de\/kulturgut-quellenhof\/wp-content\/uploads\/2023\/04\/Beispielfoto-Verein-3-1024x768.jpg 1024w, https:\/\/www.quellen-hof.de\/kulturgut-quellenhof\/wp-content\/uploads\/2023\/04\/Beispielfoto-Verein-3-300x225.jpg 300w, https:\/\/www.quellen-hof.de\/kulturgut-quellenhof\/wp-content\/uploads\/2023\/04\/Beispielfoto-Verein-3-1536x1152.jpg 1536w, https:\/\/www.quellen-hof.de\/kulturgut-quellenhof\/wp-content\/uploads\/2023\/04\/Beispielfoto-Verein-3-2048x1536.jpg 2048w\" sizes=\"(max-width: 1024px) 100vw, 1024px\" \/><\/a>\n\t\t\t<\/div><\/figure><figure class='gallery-item'>\n\t\t\t<div class='gallery-icon landscape'>\n\t\t\t\t<a data-elementor-open-lightbox=\"yes\" data-elementor-lightbox-slideshow=\"2e777c2b\" data-elementor-lightbox-title=\"Beispielfoto Verein 2\" data-e-action-hash=\"#elementor-action%3Aaction%3Dlightbox%26settings%3DeyJpZCI6Nzk1OSwidXJsIjoiaHR0cHM6XC9cL3d3dy5xdWVsbGVuLWhvZi5kZVwva3VsdHVyZ3V0LXF1ZWxsZW5ob2ZcL3dwLWNvbnRlbnRcL3VwbG9hZHNcLzIwMjNcLzA0XC9CZWlzcGllbGZvdG8tVmVyZWluLTIuanBnIiwic2xpZGVzaG93IjoiMmU3NzdjMmIifQ%3D%3D\" href='https:\/\/www.quellen-hof.de\/kulturgut-quellenhof\/wp-content\/uploads\/2023\/04\/Beispielfoto-Verein-2.jpg' data-lbwps-width=\"2000\" data-lbwps-height=\"1333\" data-lbwps-srcsmall=\"https:\/\/www.quellen-hof.de\/kulturgut-quellenhof\/wp-content\/uploads\/2023\/04\/Beispielfoto-Verein-2-300x200.jpg\"><img decoding=\"async\" width=\"1024\" height=\"682\" src=\"https:\/\/www.quellen-hof.de\/kulturgut-quellenhof\/wp-content\/uploads\/2023\/04\/Beispielfoto-Verein-2-1024x682.jpg\" class=\"attachment-large size-large\" alt=\"\" srcset=\"https:\/\/www.quellen-hof.de\/kulturgut-quellenhof\/wp-content\/uploads\/2023\/04\/Beispielfoto-Verein-2-1024x682.jpg 1024w, https:\/\/www.quellen-hof.de\/kulturgut-quellenhof\/wp-content\/uploads\/2023\/04\/Beispielfoto-Verein-2-300x200.jpg 300w, https:\/\/www.quellen-hof.de\/kulturgut-quellenhof\/wp-content\/uploads\/2023\/04\/Beispielfoto-Verein-2-1536x1024.jpg 1536w, https:\/\/www.quellen-hof.de\/kulturgut-quellenhof\/wp-content\/uploads\/2023\/04\/Beispielfoto-Verein-2.jpg 2000w\" sizes=\"(max-width: 1024px) 100vw, 1024px\" \/><\/a>\n\t\t\t<\/div><\/figure>\n\t\t<\/div>\n\t\t<\/div>\n\t\t\t\t\t\t<\/div>\n\t\t\t\t<\/div>\n\t\t\t\t\t<\/div>\n\t\t<\/div>\n\t\t\t\t\t<\/div>\n\t\t<\/section>\n\t\t\t\t<\/div>\n\t\t","protected":false},"excerpt":{"rendered":"<p>_____VEREIN AUS DER GESCHICHTE DES HEIMATVEREIN G\u00d6PFERSDORF e.V. Aufgrund einer B\u00fcrgerinitiative wurde in den Jahren 1985 bis 1987 ein kurz vor dem Abriss stehender Pferdestall rekonstruiert und als Kulturzentrum eingerichtet. [&hellip;]<\/p>\n","protected":false},"author":7,"featured_media":0,"parent":0,"menu_order":0,"comment_status":"closed","ping_status":"closed","template":"","meta":{"footnotes":""},"class_list":["post-7481","page","type-page","status-publish","hentry"],"_links":{"self":[{"href":"https:\/\/www.quellen-hof.de\/kulturgut-quellenhof\/wp-json\/wp\/v2\/pages\/7481","targetHints":{"allow":["GET"]}}],"collection":[{"href":"https:\/\/www.quellen-hof.de\/kulturgut-quellenhof\/wp-json\/wp\/v2\/pages"}],"about":[{"href":"https:\/\/www.quellen-hof.de\/kulturgut-quellenhof\/wp-json\/wp\/v2\/types\/page"}],"author":[{"embeddable":true,"href":"https:\/\/www.quellen-hof.de\/kulturgut-quellenhof\/wp-json\/wp\/v2\/users\/7"}],"replies":[{"embeddable":true,"href":"https:\/\/www.quellen-hof.de\/kulturgut-quellenhof\/wp-json\/wp\/v2\/comments?post=7481"}],"version-history":[{"count":22,"href":"https:\/\/www.quellen-hof.de\/kulturgut-quellenhof\/wp-json\/wp\/v2\/pages\/7481\/revisions"}],"predecessor-version":[{"id":8202,"href":"https:\/\/www.quellen-hof.de\/kulturgut-quellenhof\/wp-json\/wp\/v2\/pages\/7481\/revisions\/8202"}],"wp:attachment":[{"href":"https:\/\/www.quellen-hof.de\/kulturgut-quellenhof\/wp-json\/wp\/v2\/media?parent=7481"}],"curies":[{"name":"wp","href":"https:\/\/api.w.org\/{rel}","templated":true}]}}