{"id":7479,"date":"2023-03-17T13:17:21","date_gmt":"2023-03-17T12:17:21","guid":{"rendered":"https:\/\/www.quellen-hof.de\/kulturgut-quellenhof\/?page_id=7479"},"modified":"2023-04-24T11:44:15","modified_gmt":"2023-04-24T09:44:15","slug":"heimatmuseum","status":"publish","type":"page","link":"https:\/\/www.quellen-hof.de\/kulturgut-quellenhof\/heimatmuseum\/","title":{"rendered":"Heimatmuseum"},"content":{"rendered":"\t\t<div data-elementor-type=\"wp-page\" data-elementor-id=\"7479\" class=\"elementor elementor-7479\">\n\t\t\t\t\t\t<section class=\"elementor-section elementor-top-section elementor-element elementor-element-7183914b elementor-section-height-min-height elementor-section-stretched elementor-section-boxed elementor-section-height-default elementor-section-items-middle\" data-id=\"7183914b\" data-element_type=\"section\" data-e-type=\"section\" data-settings=\"{&quot;stretch_section&quot;:&quot;section-stretched&quot;,&quot;background_background&quot;:&quot;classic&quot;}\">\n\t\t\t\t\t\t<div class=\"elementor-container elementor-column-gap-default\">\n\t\t\t\t\t<div class=\"elementor-column elementor-col-100 elementor-top-column elementor-element elementor-element-7930e404\" data-id=\"7930e404\" data-element_type=\"column\" data-e-type=\"column\">\n\t\t\t<div class=\"elementor-widget-wrap\">\n\t\t\t\t\t\t\t<\/div>\n\t\t<\/div>\n\t\t\t\t\t<\/div>\n\t\t<\/section>\n\t\t\t\t<section class=\"elementor-section elementor-top-section elementor-element elementor-element-445329d1 elementor-section-boxed elementor-section-height-default elementor-section-height-default\" data-id=\"445329d1\" data-element_type=\"section\" data-e-type=\"section\" data-settings=\"{&quot;background_background&quot;:&quot;classic&quot;}\">\n\t\t\t\t\t\t<div class=\"elementor-container elementor-column-gap-default\">\n\t\t\t\t\t<div class=\"elementor-column elementor-col-50 elementor-top-column elementor-element elementor-element-179cbc72\" data-id=\"179cbc72\" data-element_type=\"column\" data-e-type=\"column\" data-settings=\"{&quot;background_background&quot;:&quot;classic&quot;}\">\n\t\t\t<div class=\"elementor-widget-wrap elementor-element-populated\">\n\t\t\t\t\t\t<div class=\"elementor-element elementor-element-44a88551 elementor-invisible elementor-widget elementor-widget-heading\" data-id=\"44a88551\" data-element_type=\"widget\" data-e-type=\"widget\" data-settings=\"{&quot;_animation&quot;:&quot;fadeInUp&quot;}\" data-widget_type=\"heading.default\">\n\t\t\t\t<div class=\"elementor-widget-container\">\n\t\t\t\t\t<h2 class=\"elementor-heading-title elementor-size-large\">_____HEIMATMUSEUM<\/h2>\t\t\t\t<\/div>\n\t\t\t\t<\/div>\n\t\t\t\t<div class=\"elementor-element elementor-element-43bb5f77 elementor-invisible elementor-widget elementor-widget-heading\" data-id=\"43bb5f77\" data-element_type=\"widget\" data-e-type=\"widget\" data-settings=\"{&quot;_animation&quot;:&quot;fadeInUp&quot;}\" data-widget_type=\"heading.default\">\n\t\t\t\t<div class=\"elementor-widget-container\">\n\t\t\t\t\t<h3 class=\"elementor-heading-title elementor-size-xl\">Die Geschichte der Altenburger Bauern<\/h3>\t\t\t\t<\/div>\n\t\t\t\t<\/div>\n\t\t\t\t<div class=\"elementor-element elementor-element-1ee413e8 elementor-invisible elementor-widget elementor-widget-text-editor\" data-id=\"1ee413e8\" data-element_type=\"widget\" data-e-type=\"widget\" data-settings=\"{&quot;_animation&quot;:&quot;fadeInUp&quot;}\" data-widget_type=\"text-editor.default\">\n\t\t\t\t<div class=\"elementor-widget-container\">\n\t\t\t\t\t\t\t\t\t<p>Endlich ist es soweit, das Museum, welches schon im Pferdestall so liebvoll eingerichtet wurde, ist nun auf dem Dachboden der gro\u00dfen Scheune neu aufgebaut. Es gibt die bekannten Gegenst\u00e4nde, aber auch viel Neues zu sehen.<\/p>\t\t\t\t\t\t\t\t<\/div>\n\t\t\t\t<\/div>\n\t\t\t\t<div class=\"elementor-element elementor-element-f12b374 elementor-invisible elementor-widget elementor-widget-text-editor\" data-id=\"f12b374\" data-element_type=\"widget\" data-e-type=\"widget\" data-settings=\"{&quot;_animation&quot;:&quot;fadeInUp&quot;}\" data-widget_type=\"text-editor.default\">\n\t\t\t\t<div class=\"elementor-widget-container\">\n\t\t\t\t\t\t\t\t\t<p>Beim Rundgang im Museum erf\u00e4hrt man auf verschiedene Art und Weise auf Schautafeln, in H\u00f6rstationen, kleinen Filmen und nat\u00fcrlich an vielen Exponaten Wissenswertes \u00fcber den Heimatverein, den Quellenhof, die Geschichte der Altenburger Bauern samt ihrer Tracht, alte Handwerkstechniken und das Leben auf dem Dorf damals und heute.<\/p>\t\t\t\t\t\t\t\t<\/div>\n\t\t\t\t<\/div>\n\t\t\t\t<div class=\"elementor-element elementor-element-abd00c1 elementor-invisible elementor-widget elementor-widget-text-editor\" data-id=\"abd00c1\" data-element_type=\"widget\" data-e-type=\"widget\" data-settings=\"{&quot;_animation&quot;:&quot;fadeInUp&quot;}\" data-widget_type=\"text-editor.default\">\n\t\t\t\t<div class=\"elementor-widget-container\">\n\t\t\t\t\t\t\t\t\t<p>Wenn Veranstaltungenam Quellenhof stattfinden, kann das Museum gern besichtigt werden.<\/p>\t\t\t\t\t\t\t\t<\/div>\n\t\t\t\t<\/div>\n\t\t\t\t<div class=\"elementor-element elementor-element-69cc184 elementor-invisible elementor-widget elementor-widget-text-editor\" data-id=\"69cc184\" data-element_type=\"widget\" data-e-type=\"widget\" data-settings=\"{&quot;_animation&quot;:&quot;fadeInUp&quot;}\" data-widget_type=\"text-editor.default\">\n\t\t\t\t<div class=\"elementor-widget-container\">\n\t\t\t\t\t\t\t\t\t<p>Au\u00dferdem k\u00f6nnen Sie f\u00fcr individuelle F\u00fchrungen sich unter der Nummer 0173 9257514 bei Dirk Schatz anmelden und Ihren Besuch planen (siehe auch bei F\u00fchrungen &amp; Catering)<\/p>\t\t\t\t\t\t\t\t<\/div>\n\t\t\t\t<\/div>\n\t\t\t\t<div class=\"elementor-element elementor-element-26faf56 gallery-spacing-custom elementor-widget elementor-widget-image-gallery\" data-id=\"26faf56\" data-element_type=\"widget\" data-e-type=\"widget\" data-widget_type=\"image-gallery.default\">\n\t\t\t\t<div class=\"elementor-widget-container\">\n\t\t\t\t\t\t\t<div class=\"elementor-image-gallery\">\n\t\t\t<div id='gallery-1' class='gallery galleryid-7479 gallery-columns-2 gallery-size-full'><figure class='gallery-item'>\n\t\t\t<div class='gallery-icon landscape'>\n\t\t\t\t<a data-elementor-open-lightbox=\"yes\" data-elementor-lightbox-slideshow=\"26faf56\" data-elementor-lightbox-title=\"Beispiel HeimatMuseum (2)\" data-e-action-hash=\"#elementor-action%3Aaction%3Dlightbox%26settings%3DeyJpZCI6Nzg4NiwidXJsIjoiaHR0cHM6XC9cL3d3dy5xdWVsbGVuLWhvZi5kZVwva3VsdHVyZ3V0LXF1ZWxsZW5ob2ZcL3dwLWNvbnRlbnRcL3VwbG9hZHNcLzIwMjNcLzA0XC9CZWlzcGllbC1IZWltYXRNdXNldW0tMi5qcGciLCJzbGlkZXNob3ciOiIyNmZhZjU2In0%3D\" href='https:\/\/www.quellen-hof.de\/kulturgut-quellenhof\/wp-content\/uploads\/2023\/04\/Beispiel-HeimatMuseum-2.jpg' data-lbwps-width=\"2000\" data-lbwps-height=\"1333\" data-lbwps-srcsmall=\"https:\/\/www.quellen-hof.de\/kulturgut-quellenhof\/wp-content\/uploads\/2023\/04\/Beispiel-HeimatMuseum-2-300x200.jpg\"><img fetchpriority=\"high\" decoding=\"async\" width=\"2000\" height=\"1333\" src=\"https:\/\/www.quellen-hof.de\/kulturgut-quellenhof\/wp-content\/uploads\/2023\/04\/Beispiel-HeimatMuseum-2.jpg\" class=\"attachment-full size-full\" alt=\"\" srcset=\"https:\/\/www.quellen-hof.de\/kulturgut-quellenhof\/wp-content\/uploads\/2023\/04\/Beispiel-HeimatMuseum-2.jpg 2000w, https:\/\/www.quellen-hof.de\/kulturgut-quellenhof\/wp-content\/uploads\/2023\/04\/Beispiel-HeimatMuseum-2-300x200.jpg 300w, https:\/\/www.quellen-hof.de\/kulturgut-quellenhof\/wp-content\/uploads\/2023\/04\/Beispiel-HeimatMuseum-2-1024x682.jpg 1024w, https:\/\/www.quellen-hof.de\/kulturgut-quellenhof\/wp-content\/uploads\/2023\/04\/Beispiel-HeimatMuseum-2-1536x1024.jpg 1536w\" sizes=\"(max-width: 2000px) 100vw, 2000px\" \/><\/a>\n\t\t\t<\/div><\/figure><figure class='gallery-item'>\n\t\t\t<div class='gallery-icon landscape'>\n\t\t\t\t<a data-elementor-open-lightbox=\"yes\" data-elementor-lightbox-slideshow=\"26faf56\" data-elementor-lightbox-title=\"Beispiel HeimatMuseum (4)\" data-e-action-hash=\"#elementor-action%3Aaction%3Dlightbox%26settings%3DeyJpZCI6Nzg4NywidXJsIjoiaHR0cHM6XC9cL3d3dy5xdWVsbGVuLWhvZi5kZVwva3VsdHVyZ3V0LXF1ZWxsZW5ob2ZcL3dwLWNvbnRlbnRcL3VwbG9hZHNcLzIwMjNcLzA0XC9CZWlzcGllbC1IZWltYXRNdXNldW0tNC5qcGciLCJzbGlkZXNob3ciOiIyNmZhZjU2In0%3D\" href='https:\/\/www.quellen-hof.de\/kulturgut-quellenhof\/wp-content\/uploads\/2023\/04\/Beispiel-HeimatMuseum-4.jpg' data-lbwps-width=\"2000\" data-lbwps-height=\"1333\" data-lbwps-srcsmall=\"https:\/\/www.quellen-hof.de\/kulturgut-quellenhof\/wp-content\/uploads\/2023\/04\/Beispiel-HeimatMuseum-4-300x200.jpg\"><img decoding=\"async\" width=\"2000\" height=\"1333\" src=\"https:\/\/www.quellen-hof.de\/kulturgut-quellenhof\/wp-content\/uploads\/2023\/04\/Beispiel-HeimatMuseum-4.jpg\" class=\"attachment-full size-full\" alt=\"\" srcset=\"https:\/\/www.quellen-hof.de\/kulturgut-quellenhof\/wp-content\/uploads\/2023\/04\/Beispiel-HeimatMuseum-4.jpg 2000w, https:\/\/www.quellen-hof.de\/kulturgut-quellenhof\/wp-content\/uploads\/2023\/04\/Beispiel-HeimatMuseum-4-300x200.jpg 300w, https:\/\/www.quellen-hof.de\/kulturgut-quellenhof\/wp-content\/uploads\/2023\/04\/Beispiel-HeimatMuseum-4-1024x682.jpg 1024w, https:\/\/www.quellen-hof.de\/kulturgut-quellenhof\/wp-content\/uploads\/2023\/04\/Beispiel-HeimatMuseum-4-1536x1024.jpg 1536w\" sizes=\"(max-width: 2000px) 100vw, 2000px\" \/><\/a>\n\t\t\t<\/div><\/figure>\n\t\t<\/div>\n\t\t<\/div>\n\t\t\t\t\t\t<\/div>\n\t\t\t\t<\/div>\n\t\t\t\t\t<\/div>\n\t\t<\/div>\n\t\t\t\t<div class=\"elementor-column elementor-col-50 elementor-top-column elementor-element elementor-element-46bf2fa1\" data-id=\"46bf2fa1\" data-element_type=\"column\" data-e-type=\"column\">\n\t\t\t<div class=\"elementor-widget-wrap elementor-element-populated\">\n\t\t\t\t\t\t<div class=\"elementor-element elementor-element-4b3f9a86 elementor-invisible elementor-widget elementor-widget-text-editor\" data-id=\"4b3f9a86\" data-element_type=\"widget\" data-e-type=\"widget\" data-settings=\"{&quot;_animation&quot;:&quot;fadeInUp&quot;}\" data-widget_type=\"text-editor.default\">\n\t\t\t\t<div class=\"elementor-widget-container\">\n\t\t\t\t\t\t\t\t\t<h6><strong>Kontaktdaten<\/strong><\/h6><p>Dirk Schatz, 0173 9257514<\/p>\t\t\t\t\t\t\t\t<\/div>\n\t\t\t\t<\/div>\n\t\t\t\t\t<\/div>\n\t\t<\/div>\n\t\t\t\t\t<\/div>\n\t\t<\/section>\n\t\t\t\t<\/div>\n\t\t","protected":false},"excerpt":{"rendered":"<p>_____HEIMATMUSEUM Die Geschichte der Altenburger Bauern Endlich ist es soweit, das Museum, welches schon im Pferdestall so liebvoll eingerichtet wurde, ist nun auf dem Dachboden der gro\u00dfen Scheune neu aufgebaut. [&hellip;]<\/p>\n","protected":false},"author":7,"featured_media":0,"parent":0,"menu_order":0,"comment_status":"closed","ping_status":"closed","template":"","meta":{"footnotes":""},"class_list":["post-7479","page","type-page","status-publish","hentry"],"_links":{"self":[{"href":"https:\/\/www.quellen-hof.de\/kulturgut-quellenhof\/wp-json\/wp\/v2\/pages\/7479","targetHints":{"allow":["GET"]}}],"collection":[{"href":"https:\/\/www.quellen-hof.de\/kulturgut-quellenhof\/wp-json\/wp\/v2\/pages"}],"about":[{"href":"https:\/\/www.quellen-hof.de\/kulturgut-quellenhof\/wp-json\/wp\/v2\/types\/page"}],"author":[{"embeddable":true,"href":"https:\/\/www.quellen-hof.de\/kulturgut-quellenhof\/wp-json\/wp\/v2\/users\/7"}],"replies":[{"embeddable":true,"href":"https:\/\/www.quellen-hof.de\/kulturgut-quellenhof\/wp-json\/wp\/v2\/comments?post=7479"}],"version-history":[{"count":13,"href":"https:\/\/www.quellen-hof.de\/kulturgut-quellenhof\/wp-json\/wp\/v2\/pages\/7479\/revisions"}],"predecessor-version":[{"id":7922,"href":"https:\/\/www.quellen-hof.de\/kulturgut-quellenhof\/wp-json\/wp\/v2\/pages\/7479\/revisions\/7922"}],"wp:attachment":[{"href":"https:\/\/www.quellen-hof.de\/kulturgut-quellenhof\/wp-json\/wp\/v2\/media?parent=7479"}],"curies":[{"name":"wp","href":"https:\/\/api.w.org\/{rel}","templated":true}]}}