{"id":7473,"date":"2023-03-17T13:17:21","date_gmt":"2023-03-17T12:17:21","guid":{"rendered":"https:\/\/www.quellen-hof.de\/kulturgut-quellenhof\/?page_id=7473"},"modified":"2023-04-18T11:25:11","modified_gmt":"2023-04-18T09:25:11","slug":"ueber-den-quellenhof","status":"publish","type":"page","link":"https:\/\/www.quellen-hof.de\/kulturgut-quellenhof\/ueber-den-quellenhof\/","title":{"rendered":"\u00dcber den Quellenhof"},"content":{"rendered":"\t\t<div data-elementor-type=\"wp-page\" data-elementor-id=\"7473\" class=\"elementor elementor-7473\">\n\t\t\t\t\t\t<section class=\"elementor-section elementor-top-section elementor-element elementor-element-2814073c elementor-section-height-min-height elementor-section-stretched elementor-section-boxed elementor-section-height-default elementor-section-items-middle\" data-id=\"2814073c\" data-element_type=\"section\" data-e-type=\"section\" data-settings=\"{&quot;stretch_section&quot;:&quot;section-stretched&quot;,&quot;background_background&quot;:&quot;classic&quot;}\">\n\t\t\t\t\t\t<div class=\"elementor-container elementor-column-gap-default\">\n\t\t\t\t\t<div class=\"elementor-column elementor-col-100 elementor-top-column elementor-element elementor-element-3d7555ce\" data-id=\"3d7555ce\" data-element_type=\"column\" data-e-type=\"column\">\n\t\t\t<div class=\"elementor-widget-wrap\">\n\t\t\t\t\t\t\t<\/div>\n\t\t<\/div>\n\t\t\t\t\t<\/div>\n\t\t<\/section>\n\t\t\t\t<section class=\"elementor-section elementor-top-section elementor-element elementor-element-33044fa1 elementor-section-boxed elementor-section-height-default elementor-section-height-default\" data-id=\"33044fa1\" data-element_type=\"section\" data-e-type=\"section\" data-settings=\"{&quot;background_background&quot;:&quot;classic&quot;}\">\n\t\t\t\t\t\t<div class=\"elementor-container elementor-column-gap-default\">\n\t\t\t\t\t<div class=\"elementor-column elementor-col-50 elementor-top-column elementor-element elementor-element-1cf55ffe\" data-id=\"1cf55ffe\" data-element_type=\"column\" data-e-type=\"column\" data-settings=\"{&quot;background_background&quot;:&quot;classic&quot;}\">\n\t\t\t<div class=\"elementor-widget-wrap elementor-element-populated\">\n\t\t\t\t\t\t<div class=\"elementor-element elementor-element-474586fc elementor-invisible elementor-widget elementor-widget-heading\" data-id=\"474586fc\" data-element_type=\"widget\" data-e-type=\"widget\" data-settings=\"{&quot;_animation&quot;:&quot;fadeInUp&quot;}\" data-widget_type=\"heading.default\">\n\t\t\t\t<div class=\"elementor-widget-container\">\n\t\t\t\t\t<h2 class=\"elementor-heading-title elementor-size-large\">_____DER QUELLENHOF IN GARBISDORF<\/h2>\t\t\t\t<\/div>\n\t\t\t\t<\/div>\n\t\t\t\t<div class=\"elementor-element elementor-element-1421e06b elementor-invisible elementor-widget elementor-widget-heading\" data-id=\"1421e06b\" data-element_type=\"widget\" data-e-type=\"widget\" data-settings=\"{&quot;_animation&quot;:&quot;fadeInUp&quot;}\" data-widget_type=\"heading.default\">\n\t\t\t\t<div class=\"elementor-widget-container\">\n\t\t\t\t\t<h3 class=\"elementor-heading-title elementor-size-xl\">Umnutzung des denkmalgesch\u00fctzten Bauernhofes als Kunst-, Kultur- &amp; Begegnungshof im Altenburger Land<\/h3>\t\t\t\t<\/div>\n\t\t\t\t<\/div>\n\t\t\t\t<div class=\"elementor-element elementor-element-5bf810fd elementor-invisible elementor-widget elementor-widget-text-editor\" data-id=\"5bf810fd\" data-element_type=\"widget\" data-e-type=\"widget\" data-settings=\"{&quot;_animation&quot;:&quot;fadeInUp&quot;}\" data-widget_type=\"text-editor.default\">\n\t\t\t\t<div class=\"elementor-widget-container\">\n\t\t\t\t\t\t\t\t\t<h6><strong>Wo liegt Garbisdorf?<\/strong><\/h6><p>Garbisdorf? Nie geh\u00f6rt! Altenburger Land &#8211; hat man schon mal geh\u00f6rt: Altenburger Skatkarten, Altenburger Ziegenk\u00e4se, kennt man irgendwoher, aber Garbisdorf&#8230;<\/p>\t\t\t\t\t\t\t\t<\/div>\n\t\t\t\t<\/div>\n\t\t\t\t<div class=\"elementor-element elementor-element-1b56cd14 elementor-invisible elementor-widget elementor-widget-text-editor\" data-id=\"1b56cd14\" data-element_type=\"widget\" data-e-type=\"widget\" data-settings=\"{&quot;_animation&quot;:&quot;fadeInUp&quot;}\" data-widget_type=\"text-editor.default\">\n\t\t\t\t<div class=\"elementor-widget-container\">\n\t\t\t\t\t\t\t\t\t<h6><strong>Das Altenburger Land<br \/><\/strong><\/h6><p>Die \u00e4u\u00dferst reizvolle Landschaft des Wieratales &#8211; im landschaftlichen Spannungsfeld zwischen Leipziger Tieflandbucht und S\u00e4chsischem H\u00fcgelland &#8211; hat mehr Beachtung verdient. Die hier bereits stark h\u00fcgelige Landschaft des Altenburger Landes bietet dem Besucher an jedem Punkt Erlebnisse f\u00fcr Augen, Geist und Seele sowie reizvolle Fernblicke im jahreszeitlichen Farbenspiel.<\/p><p>Zentral gelegen, im 35 km-Radius finden sich Kulturst\u00e4tten, wie Leipzig, Gera, Zwickau und Chemnitz, k\u00f6nnen im Altenburger Land, diese Vierseitenh\u00f6fe noch im Ursprungszustand bewundert werden.<\/p><p>Die Region Ostth\u00fcringen\/Westsachsen, speziell der Landkreis Altenburger Land ist reich an bau- und kulturgeschichtlich wertvollen Bauernh\u00f6fen. Die Altenburger Vierseith\u00f6fe sind in ihrer Art und Struktur einmalig in Deutschland. Pr\u00e4gend f\u00fcr diese H\u00f6fe ist einerseits die typische Altenburger Fachwerkarchitektur und andererseits deren Gr\u00f6\u00dfe und Geschlossenheit.<\/p>\t\t\t\t\t\t\t\t<\/div>\n\t\t\t\t<\/div>\n\t\t\t\t<div class=\"elementor-element elementor-element-3e88571e elementor-invisible elementor-widget elementor-widget-text-editor\" data-id=\"3e88571e\" data-element_type=\"widget\" data-e-type=\"widget\" data-settings=\"{&quot;_animation&quot;:&quot;fadeInUp&quot;}\" data-widget_type=\"text-editor.default\">\n\t\t\t\t<div class=\"elementor-widget-container\">\n\t\t\t\t\t\t\t\t\t<h6><strong>Was ist der Quellenhof<br \/><\/strong><\/h6><p>Die Gemeinde G\u00f6pfersdorf hat den Quellenhof Ende 2001 aufgrund seines desolaten Bauzustandes und seines ortsbildpr\u00e4genden Charakters erworben. Ziel ist es, den Verfall zu stoppen und das Objekt einer attraktiven, dauerhaften Nutzung zuzuf\u00fchren.<\/p><p>Die Geschichte des Quellenhofes ist l\u00fcckenlos bis ins Jahr 1717 zur\u00fcck zu verfolgen. Nach einem Brand im Jahr 1804 sind im selben Jahr alle Geb\u00e4ude neu errichtet worden und original erhalten. Umgeben von Obstg\u00e4rten, Wiesen und einem Teich, liegt der Hof, am Rande eines 18.000 qm gro\u00dfen Wiesengrundst\u00fccke.<\/p>\t\t\t\t\t\t\t\t<\/div>\n\t\t\t\t<\/div>\n\t\t\t\t\t<\/div>\n\t\t<\/div>\n\t\t\t\t<div class=\"elementor-column elementor-col-50 elementor-top-column elementor-element elementor-element-40ac3f33\" data-id=\"40ac3f33\" data-element_type=\"column\" data-e-type=\"column\">\n\t\t\t<div class=\"elementor-widget-wrap elementor-element-populated\">\n\t\t\t\t\t\t<div class=\"elementor-element elementor-element-4acd83fe gallery-spacing-custom elementor-widget elementor-widget-image-gallery\" data-id=\"4acd83fe\" data-element_type=\"widget\" data-e-type=\"widget\" data-widget_type=\"image-gallery.default\">\n\t\t\t\t<div class=\"elementor-widget-container\">\n\t\t\t\t\t\t\t<div class=\"elementor-image-gallery\">\n\t\t\t<div id='gallery-1' class='gallery galleryid-7473 gallery-columns-1 gallery-size-large'><figure class='gallery-item'>\n\t\t\t<div class='gallery-icon landscape'>\n\t\t\t\t<a data-elementor-open-lightbox=\"yes\" data-elementor-lightbox-slideshow=\"4acd83fe\" data-elementor-lightbox-title=\"uedq-1\" data-e-action-hash=\"#elementor-action%3Aaction%3Dlightbox%26settings%3DeyJpZCI6Nzg0MywidXJsIjoiaHR0cHM6XC9cL3d3dy5xdWVsbGVuLWhvZi5kZVwva3VsdHVyZ3V0LXF1ZWxsZW5ob2ZcL3dwLWNvbnRlbnRcL3VwbG9hZHNcLzIwMjNcLzA0XC91ZWRxLTEuanBnIiwic2xpZGVzaG93IjoiNGFjZDgzZmUifQ%3D%3D\" href='https:\/\/www.quellen-hof.de\/kulturgut-quellenhof\/wp-content\/uploads\/2023\/04\/uedq-1.jpg' data-lbwps-width=\"637\" data-lbwps-height=\"476\" data-lbwps-srcsmall=\"https:\/\/www.quellen-hof.de\/kulturgut-quellenhof\/wp-content\/uploads\/2023\/04\/uedq-1-300x224.jpg\"><img fetchpriority=\"high\" decoding=\"async\" width=\"637\" height=\"476\" src=\"https:\/\/www.quellen-hof.de\/kulturgut-quellenhof\/wp-content\/uploads\/2023\/04\/uedq-1.jpg\" class=\"attachment-large size-large\" alt=\"\" srcset=\"https:\/\/www.quellen-hof.de\/kulturgut-quellenhof\/wp-content\/uploads\/2023\/04\/uedq-1.jpg 637w, https:\/\/www.quellen-hof.de\/kulturgut-quellenhof\/wp-content\/uploads\/2023\/04\/uedq-1-300x224.jpg 300w\" sizes=\"(max-width: 637px) 100vw, 637px\" \/><\/a>\n\t\t\t<\/div><\/figure><figure class='gallery-item'>\n\t\t\t<div class='gallery-icon landscape'>\n\t\t\t\t<a data-elementor-open-lightbox=\"yes\" data-elementor-lightbox-slideshow=\"4acd83fe\" data-elementor-lightbox-title=\"uedq-2\" data-e-action-hash=\"#elementor-action%3Aaction%3Dlightbox%26settings%3DeyJpZCI6Nzg0NCwidXJsIjoiaHR0cHM6XC9cL3d3dy5xdWVsbGVuLWhvZi5kZVwva3VsdHVyZ3V0LXF1ZWxsZW5ob2ZcL3dwLWNvbnRlbnRcL3VwbG9hZHNcLzIwMjNcLzA0XC91ZWRxLTIuanBnIiwic2xpZGVzaG93IjoiNGFjZDgzZmUifQ%3D%3D\" href='https:\/\/www.quellen-hof.de\/kulturgut-quellenhof\/wp-content\/uploads\/2023\/04\/uedq-2.jpg' data-lbwps-width=\"640\" data-lbwps-height=\"428\" data-lbwps-srcsmall=\"https:\/\/www.quellen-hof.de\/kulturgut-quellenhof\/wp-content\/uploads\/2023\/04\/uedq-2-300x201.jpg\"><img decoding=\"async\" width=\"640\" height=\"428\" src=\"https:\/\/www.quellen-hof.de\/kulturgut-quellenhof\/wp-content\/uploads\/2023\/04\/uedq-2.jpg\" class=\"attachment-large size-large\" alt=\"\" srcset=\"https:\/\/www.quellen-hof.de\/kulturgut-quellenhof\/wp-content\/uploads\/2023\/04\/uedq-2.jpg 640w, https:\/\/www.quellen-hof.de\/kulturgut-quellenhof\/wp-content\/uploads\/2023\/04\/uedq-2-300x201.jpg 300w\" sizes=\"(max-width: 640px) 100vw, 640px\" \/><\/a>\n\t\t\t<\/div><\/figure><figure class='gallery-item'>\n\t\t\t<div class='gallery-icon landscape'>\n\t\t\t\t<a data-elementor-open-lightbox=\"yes\" data-elementor-lightbox-slideshow=\"4acd83fe\" data-elementor-lightbox-title=\"uedq-3\" data-e-action-hash=\"#elementor-action%3Aaction%3Dlightbox%26settings%3DeyJpZCI6Nzg0NSwidXJsIjoiaHR0cHM6XC9cL3d3dy5xdWVsbGVuLWhvZi5kZVwva3VsdHVyZ3V0LXF1ZWxsZW5ob2ZcL3dwLWNvbnRlbnRcL3VwbG9hZHNcLzIwMjNcLzA0XC91ZWRxLTMuanBnIiwic2xpZGVzaG93IjoiNGFjZDgzZmUifQ%3D%3D\" href='https:\/\/www.quellen-hof.de\/kulturgut-quellenhof\/wp-content\/uploads\/2023\/04\/uedq-3.jpg' data-lbwps-width=\"500\" data-lbwps-height=\"320\" data-lbwps-srcsmall=\"https:\/\/www.quellen-hof.de\/kulturgut-quellenhof\/wp-content\/uploads\/2023\/04\/uedq-3-300x192.jpg\"><img decoding=\"async\" width=\"500\" height=\"320\" src=\"https:\/\/www.quellen-hof.de\/kulturgut-quellenhof\/wp-content\/uploads\/2023\/04\/uedq-3.jpg\" class=\"attachment-large size-large\" alt=\"\" srcset=\"https:\/\/www.quellen-hof.de\/kulturgut-quellenhof\/wp-content\/uploads\/2023\/04\/uedq-3.jpg 500w, https:\/\/www.quellen-hof.de\/kulturgut-quellenhof\/wp-content\/uploads\/2023\/04\/uedq-3-300x192.jpg 300w\" sizes=\"(max-width: 500px) 100vw, 500px\" \/><\/a>\n\t\t\t<\/div><\/figure>\n\t\t<\/div>\n\t\t<\/div>\n\t\t\t\t\t\t<\/div>\n\t\t\t\t<\/div>\n\t\t\t\t\t<\/div>\n\t\t<\/div>\n\t\t\t\t\t<\/div>\n\t\t<\/section>\n\t\t\t\t<\/div>\n\t\t","protected":false},"excerpt":{"rendered":"<p>_____DER QUELLENHOF IN GARBISDORF Umnutzung des denkmalgesch\u00fctzten Bauernhofes als Kunst-, Kultur- &amp; Begegnungshof im Altenburger Land Wo liegt Garbisdorf? Garbisdorf? Nie geh\u00f6rt! Altenburger Land &#8211; hat man schon mal geh\u00f6rt: [&hellip;]<\/p>\n","protected":false},"author":7,"featured_media":0,"parent":0,"menu_order":0,"comment_status":"closed","ping_status":"closed","template":"","meta":{"footnotes":""},"class_list":["post-7473","page","type-page","status-publish","hentry"],"_links":{"self":[{"href":"https:\/\/www.quellen-hof.de\/kulturgut-quellenhof\/wp-json\/wp\/v2\/pages\/7473","targetHints":{"allow":["GET"]}}],"collection":[{"href":"https:\/\/www.quellen-hof.de\/kulturgut-quellenhof\/wp-json\/wp\/v2\/pages"}],"about":[{"href":"https:\/\/www.quellen-hof.de\/kulturgut-quellenhof\/wp-json\/wp\/v2\/types\/page"}],"author":[{"embeddable":true,"href":"https:\/\/www.quellen-hof.de\/kulturgut-quellenhof\/wp-json\/wp\/v2\/users\/7"}],"replies":[{"embeddable":true,"href":"https:\/\/www.quellen-hof.de\/kulturgut-quellenhof\/wp-json\/wp\/v2\/comments?post=7473"}],"version-history":[{"count":20,"href":"https:\/\/www.quellen-hof.de\/kulturgut-quellenhof\/wp-json\/wp\/v2\/pages\/7473\/revisions"}],"predecessor-version":[{"id":7848,"href":"https:\/\/www.quellen-hof.de\/kulturgut-quellenhof\/wp-json\/wp\/v2\/pages\/7473\/revisions\/7848"}],"wp:attachment":[{"href":"https:\/\/www.quellen-hof.de\/kulturgut-quellenhof\/wp-json\/wp\/v2\/media?parent=7473"}],"curies":[{"name":"wp","href":"https:\/\/api.w.org\/{rel}","templated":true}]}}