{"id":7471,"date":"2023-03-17T13:17:21","date_gmt":"2023-03-17T12:17:21","guid":{"rendered":"https:\/\/www.quellen-hof.de\/kulturgut-quellenhof\/?page_id=7471"},"modified":"2023-04-18T10:56:28","modified_gmt":"2023-04-18T08:56:28","slug":"holzbildhauer-plenair","status":"publish","type":"page","link":"https:\/\/www.quellen-hof.de\/kulturgut-quellenhof\/holzbildhauer-plenair\/","title":{"rendered":"Holzbildhauer-Plenair"},"content":{"rendered":"\t\t<div data-elementor-type=\"wp-page\" data-elementor-id=\"7471\" class=\"elementor elementor-7471\">\n\t\t\t\t\t\t<section class=\"elementor-section elementor-top-section elementor-element elementor-element-2fccf39e elementor-section-height-min-height elementor-section-stretched elementor-section-boxed elementor-section-height-default elementor-section-items-middle\" data-id=\"2fccf39e\" data-element_type=\"section\" data-e-type=\"section\" data-settings=\"{&quot;stretch_section&quot;:&quot;section-stretched&quot;,&quot;background_background&quot;:&quot;classic&quot;}\">\n\t\t\t\t\t\t<div class=\"elementor-container elementor-column-gap-default\">\n\t\t\t\t\t<div class=\"elementor-column elementor-col-100 elementor-top-column elementor-element elementor-element-2033334a\" data-id=\"2033334a\" data-element_type=\"column\" data-e-type=\"column\">\n\t\t\t<div class=\"elementor-widget-wrap\">\n\t\t\t\t\t\t\t<\/div>\n\t\t<\/div>\n\t\t\t\t\t<\/div>\n\t\t<\/section>\n\t\t\t\t<section class=\"elementor-section elementor-top-section elementor-element elementor-element-42f448ee elementor-section-boxed elementor-section-height-default elementor-section-height-default\" data-id=\"42f448ee\" data-element_type=\"section\" data-e-type=\"section\" data-settings=\"{&quot;background_background&quot;:&quot;classic&quot;}\">\n\t\t\t\t\t\t<div class=\"elementor-container elementor-column-gap-default\">\n\t\t\t\t\t<div class=\"elementor-column elementor-col-50 elementor-top-column elementor-element elementor-element-47fb9426\" data-id=\"47fb9426\" data-element_type=\"column\" data-e-type=\"column\" data-settings=\"{&quot;background_background&quot;:&quot;classic&quot;}\">\n\t\t\t<div class=\"elementor-widget-wrap elementor-element-populated\">\n\t\t\t\t\t\t<div class=\"elementor-element elementor-element-360843f1 elementor-invisible elementor-widget elementor-widget-heading\" data-id=\"360843f1\" data-element_type=\"widget\" data-e-type=\"widget\" data-settings=\"{&quot;_animation&quot;:&quot;fadeInUp&quot;}\" data-widget_type=\"heading.default\">\n\t\t\t\t<div class=\"elementor-widget-container\">\n\t\t\t\t\t<h2 class=\"elementor-heading-title elementor-size-large\">_____GALERIE UND KUNST<\/h2>\t\t\t\t<\/div>\n\t\t\t\t<\/div>\n\t\t\t\t<div class=\"elementor-element elementor-element-8f019c elementor-invisible elementor-widget elementor-widget-heading\" data-id=\"8f019c\" data-element_type=\"widget\" data-e-type=\"widget\" data-settings=\"{&quot;_animation&quot;:&quot;fadeInUp&quot;}\" data-widget_type=\"heading.default\">\n\t\t\t\t<div class=\"elementor-widget-container\">\n\t\t\t\t\t<h3 class=\"elementor-heading-title elementor-size-xl\">G\u00f6pfersorfer Holzbildhauer-Pleinair blickt auf lange Tradition zur\u00fcck<\/h3>\t\t\t\t<\/div>\n\t\t\t\t<\/div>\n\t\t\t\t<div class=\"elementor-element elementor-element-6da2cea5 elementor-invisible elementor-widget elementor-widget-text-editor\" data-id=\"6da2cea5\" data-element_type=\"widget\" data-e-type=\"widget\" data-settings=\"{&quot;_animation&quot;:&quot;fadeInUp&quot;}\" data-widget_type=\"text-editor.default\">\n\t\t\t\t<div class=\"elementor-widget-container\">\n\t\t\t\t\t\t\t\t\t<h6><strong>Der Tanz der Kettens\u00e4gen<\/strong><\/h6><p>Jedes Jahr von Ende Mai bis Mitte Juni verwandelt sich die gro\u00dfe Streuobstwiese am Kulturgut &#8222;Quellenhof&#8220; f\u00fcr zwei Wochen in einen Kunstacker. Es wird ges\u00e4gt, gebeilt und gestemmt, bis aus totem Holz neues Leben entsteht.<\/p><p>Das G\u00f6pfersdorfer Holzbildhauer-Pleinair ist aus dem Kulturkalender der Region nicht mehr wegzudenken. Begonnen hat alles im Jahre 2001, auf Initiative ortsans\u00e4ssiger K\u00fcnstler und mit Unterst\u00fctzung des Heimatvereins G\u00f6pfersorf. Bis 2007 fand die Veranstaltung in G\u00f6pfersdorf statt.<\/p><p>Mit der fortschreitenden Sanierung des &#8222;Quellenhofs&#8220; wurde das Pleinair in den Nachbarort Garbisdorf verelgt, wo neben \u00dcbernachtungsm\u00f6glichkeiten auch eine Galerie zur Verf\u00fcgung steht. Denn ein fester Bestandteil der Veranstaltung ist die Begleitausstellung, wo die K\u00fcnstler zeigen, welche Techniken sie sonst noch beherrschen. Der Schwerpunkt liegt dabei auf Malereien, Zeichnungen und Grafiken.<\/p><p>Inzwischen kommen die Holzbildhauer nicht mehr nur aus dem Altenburger Land und Westsachsen, um die Kettens\u00e4gen tanzen zu lassen. Dabei entstehen aus massiven St\u00e4mmen verschiedener H\u00f6lzer individuelle Kunstwerke. Es ist immer wieder spannend, wie sich die Handschriften langj\u00e4hriger Teilnehmer gefestigt haben und wie neue K\u00fcnstler mit ihrer Kreativit\u00e4t das Pleinair bereichern.<\/p><p>Da die Veranstaltung unter freiem Himmel stattfindet, sind Schaulustige jederzeit willkommen. Gern lassen sich die K\u00fcnstler bei ihrer Arbeit \u00fcber die Schulter schauen. Auch bei den Dorfbewohnern st\u00f6\u00dft das Ganze auf hohe Akzeptanz, das Kettens\u00e4gen-Geheul inbegriffen. Inzwischen ist im Zusammenhang mit Garbisdorf und G\u00f6pfersdorf sogar von einer \u201ekunstverr\u00fcckten Gemeinde\u201c die Rede.<\/p><p>Auf der Kunstb\u00f6rse k\u00f6nnen w\u00e4hrend des Pleinairs verschiedene Arbeiten der Teilnehmer gekauft werden. Mit einem gro\u00dfen K\u00fcnstlerfest findet das Treiben seinen kr\u00f6nenden Abschluss. Dabei besteht die M\u00f6glichkeit, einige der \u201eguten Geister\u201c zu ersteigern und die j\u00e4hrlich erscheinende Grafikmappe zu erwerben.<\/p><p>Garbisdorf liegt im s\u00fcd\u00f6stlichsten Zipfel des Altenburger Landes, nur wenige Kilometer vom s\u00e4chsischen Waldenburg entfernt. Der Ort wird gepr\u00e4gt durch Bauernh\u00f6fe, Fachwerkh\u00e4user und Streuobstwiesen. Besucher des Pleinairs k\u00f6nnen sich vom Baufortschritt auf dem \u201eQuellenhof\u201c \u00fcberzeugen. Dort finden regelm\u00e4\u00dfig Konzerte, Lesungen, Ausstellungen, Vortr\u00e4ge, Filmvorf\u00fchrungen und andere Veranstaltungen statt.<\/p><p>\u00a0<\/p>\t\t\t\t\t\t\t\t<\/div>\n\t\t\t\t<\/div>\n\t\t\t\t<div class=\"elementor-element elementor-element-48aa2069 elementor-invisible elementor-widget elementor-widget-text-editor\" data-id=\"48aa2069\" data-element_type=\"widget\" data-e-type=\"widget\" data-settings=\"{&quot;_animation&quot;:&quot;fadeInUp&quot;}\" data-widget_type=\"text-editor.default\">\n\t\t\t\t<div class=\"elementor-widget-container\">\n\t\t\t\t\t\t\t\t\t<h6><strong>Bildhauerpleinair<br \/><\/strong><\/h6><p>Im Mai jeden Jahres treffen sich 15 K\u00fcnstlerinnen und K\u00fcnstler f\u00fcr 2 Wochen zum G\u00f6pfersdorfer Holzbildhauer-Pleinair. Beginn und Ende wird jeweils mit einem z\u00fcnftigen Fest unter Teilnahme bekannter K\u00fcnstler und vieler Besucher begangen.<\/p><p>Beim G\u00f6pfersdorfer Holzbildhauerpleinair sind nicht nur Bildhauer anzutreffen. Auch K\u00fcnstlerinnen und K\u00fcnstler aus anderen Bereich, wie z.B. Grafik und Malerei, haben hier die M\u00f6glichkeit sich an Kettens\u00e4ge und Bildhauereien auszuprobieren.<\/p><p>\u00a0<\/p>\t\t\t\t\t\t\t\t<\/div>\n\t\t\t\t<\/div>\n\t\t\t\t<div class=\"elementor-element elementor-element-e32d066 gallery-spacing-custom elementor-invisible elementor-widget elementor-widget-image-gallery\" data-id=\"e32d066\" data-element_type=\"widget\" data-e-type=\"widget\" data-settings=\"{&quot;_animation&quot;:&quot;fadeInUp&quot;}\" data-widget_type=\"image-gallery.default\">\n\t\t\t\t<div class=\"elementor-widget-container\">\n\t\t\t\t\t\t\t<div class=\"elementor-image-gallery\">\n\t\t\t<div id='gallery-1' class='gallery galleryid-7471 gallery-columns-2 gallery-size-full'><figure class='gallery-item'>\n\t\t\t<div class='gallery-icon landscape'>\n\t\t\t\t<a data-elementor-open-lightbox=\"yes\" data-elementor-lightbox-slideshow=\"e32d066\" data-elementor-lightbox-title=\"hbp-1\" data-e-action-hash=\"#elementor-action%3Aaction%3Dlightbox%26settings%3DeyJpZCI6NzgxNywidXJsIjoiaHR0cHM6XC9cL3d3dy5xdWVsbGVuLWhvZi5kZVwva3VsdHVyZ3V0LXF1ZWxsZW5ob2ZcL3dwLWNvbnRlbnRcL3VwbG9hZHNcLzIwMjNcLzA0XC9oYnAtMS5qcGciLCJzbGlkZXNob3ciOiJlMzJkMDY2In0%3D\" href='https:\/\/www.quellen-hof.de\/kulturgut-quellenhof\/wp-content\/uploads\/2023\/04\/hbp-1.jpg' data-lbwps-width=\"1000\" data-lbwps-height=\"667\" data-lbwps-srcsmall=\"https:\/\/www.quellen-hof.de\/kulturgut-quellenhof\/wp-content\/uploads\/2023\/04\/hbp-1-300x200.jpg\"><img fetchpriority=\"high\" decoding=\"async\" width=\"1000\" height=\"667\" src=\"https:\/\/www.quellen-hof.de\/kulturgut-quellenhof\/wp-content\/uploads\/2023\/04\/hbp-1.jpg\" class=\"attachment-full size-full\" alt=\"\" srcset=\"https:\/\/www.quellen-hof.de\/kulturgut-quellenhof\/wp-content\/uploads\/2023\/04\/hbp-1.jpg 1000w, https:\/\/www.quellen-hof.de\/kulturgut-quellenhof\/wp-content\/uploads\/2023\/04\/hbp-1-300x200.jpg 300w\" sizes=\"(max-width: 1000px) 100vw, 1000px\" \/><\/a>\n\t\t\t<\/div><\/figure><figure class='gallery-item'>\n\t\t\t<div class='gallery-icon landscape'>\n\t\t\t\t<a data-elementor-open-lightbox=\"yes\" data-elementor-lightbox-slideshow=\"e32d066\" data-elementor-lightbox-title=\"hbp-2\" data-e-action-hash=\"#elementor-action%3Aaction%3Dlightbox%26settings%3DeyJpZCI6NzgxOCwidXJsIjoiaHR0cHM6XC9cL3d3dy5xdWVsbGVuLWhvZi5kZVwva3VsdHVyZ3V0LXF1ZWxsZW5ob2ZcL3dwLWNvbnRlbnRcL3VwbG9hZHNcLzIwMjNcLzA0XC9oYnAtMi5qcGciLCJzbGlkZXNob3ciOiJlMzJkMDY2In0%3D\" href='https:\/\/www.quellen-hof.de\/kulturgut-quellenhof\/wp-content\/uploads\/2023\/04\/hbp-2.jpg' data-lbwps-width=\"1000\" data-lbwps-height=\"667\" data-lbwps-srcsmall=\"https:\/\/www.quellen-hof.de\/kulturgut-quellenhof\/wp-content\/uploads\/2023\/04\/hbp-2-300x200.jpg\"><img decoding=\"async\" width=\"1000\" height=\"667\" src=\"https:\/\/www.quellen-hof.de\/kulturgut-quellenhof\/wp-content\/uploads\/2023\/04\/hbp-2.jpg\" class=\"attachment-full size-full\" alt=\"\" srcset=\"https:\/\/www.quellen-hof.de\/kulturgut-quellenhof\/wp-content\/uploads\/2023\/04\/hbp-2.jpg 1000w, https:\/\/www.quellen-hof.de\/kulturgut-quellenhof\/wp-content\/uploads\/2023\/04\/hbp-2-300x200.jpg 300w\" sizes=\"(max-width: 1000px) 100vw, 1000px\" \/><\/a>\n\t\t\t<\/div><\/figure>\n\t\t<\/div>\n\t\t<\/div>\n\t\t\t\t\t\t<\/div>\n\t\t\t\t<\/div>\n\t\t\t\t\t<\/div>\n\t\t<\/div>\n\t\t\t\t<div class=\"elementor-column elementor-col-50 elementor-top-column elementor-element elementor-element-b15c724\" data-id=\"b15c724\" data-element_type=\"column\" data-e-type=\"column\">\n\t\t\t<div class=\"elementor-widget-wrap elementor-element-populated\">\n\t\t\t\t\t\t<div class=\"elementor-element elementor-element-39b40b5 elementor-invisible elementor-widget elementor-widget-text-editor\" data-id=\"39b40b5\" data-element_type=\"widget\" data-e-type=\"widget\" data-settings=\"{&quot;_animation&quot;:&quot;fadeInUp&quot;}\" data-widget_type=\"text-editor.default\">\n\t\t\t\t<div class=\"elementor-widget-container\">\n\t\t\t\t\t\t\t\t\t<h6><strong>Ansprechpartner<br><\/strong><\/h6>\n<p>Jens Uwe Hoffmann: 0171 3609195<\/p>\n<p>Thomas Suchomel: 0176 39219803<\/p>\n<p>Enrico Scholz: 0160 99 762989<\/p>\n<p>Es erscheint j\u00e4hrlich eine Grafikmappe der beteiligten K\u00fcnstler.<\/p>\n<p>Eine Bewerbungen zur Teilnahme am Pleinair ist schriftlich mit Fotos bisheriger Arbeiten m\u00f6glich.<\/p>\n<p><\/p>\t\t\t\t\t\t\t\t<\/div>\n\t\t\t\t<\/div>\n\t\t\t\t<div class=\"elementor-element elementor-element-d83c1de elementor-invisible elementor-widget elementor-widget-text-editor\" data-id=\"d83c1de\" data-element_type=\"widget\" data-e-type=\"widget\" data-settings=\"{&quot;_animation&quot;:&quot;fadeInUp&quot;}\" data-widget_type=\"text-editor.default\">\n\t\t\t\t<div class=\"elementor-widget-container\">\n\t\t\t\t\t\t\t\t\t<h6><strong>Teilnahmebedingungen\n<\/strong><\/h6>\nHier k\u00f6nnen Sie die Teilnahmebedingungen herunterladen\n\t\t\t\t\t\t\t\t<\/div>\n\t\t\t\t<\/div>\n\t\t\t\t<div class=\"elementor-element elementor-element-b378f6f elementor-align-center elementor-invisible elementor-widget elementor-widget-button\" data-id=\"b378f6f\" data-element_type=\"widget\" data-e-type=\"widget\" data-settings=\"{&quot;_animation&quot;:&quot;fadeInUp&quot;}\" data-widget_type=\"button.default\">\n\t\t\t\t<div class=\"elementor-widget-container\">\n\t\t\t\t\t\t\t\t\t<div class=\"elementor-button-wrapper\">\n\t\t\t\t\t<a class=\"elementor-button elementor-button-link elementor-size-sm\" href=\"https:\/\/www.quellen-hof.de\/kulturgut-quellenhof\/wp-content\/uploads\/2022\/12\/Teilnahmebedingungen-HBP-2023.pdf\" target=\"_blank\">\n\t\t\t\t\t\t<span class=\"elementor-button-content-wrapper\">\n\t\t\t\t\t\t<span class=\"elementor-button-icon\">\n\t\t\t\t<i aria-hidden=\"true\" class=\"far fa-arrow-alt-circle-down\"><\/i>\t\t\t<\/span>\n\t\t\t\t\t\t\t\t\t<span class=\"elementor-button-text\">Download<\/span>\n\t\t\t\t\t<\/span>\n\t\t\t\t\t<\/a>\n\t\t\t\t<\/div>\n\t\t\t\t\t\t\t\t<\/div>\n\t\t\t\t<\/div>\n\t\t\t\t\t<\/div>\n\t\t<\/div>\n\t\t\t\t\t<\/div>\n\t\t<\/section>\n\t\t\t\t<\/div>\n\t\t","protected":false},"excerpt":{"rendered":"<p>_____GALERIE UND KUNST G\u00f6pfersorfer Holzbildhauer-Pleinair blickt auf lange Tradition zur\u00fcck Der Tanz der Kettens\u00e4gen Jedes Jahr von Ende Mai bis Mitte Juni verwandelt sich die gro\u00dfe Streuobstwiese am Kulturgut &#8222;Quellenhof&#8220; [&hellip;]<\/p>\n","protected":false},"author":7,"featured_media":0,"parent":0,"menu_order":0,"comment_status":"closed","ping_status":"closed","template":"","meta":{"footnotes":""},"class_list":["post-7471","page","type-page","status-publish","hentry"],"_links":{"self":[{"href":"https:\/\/www.quellen-hof.de\/kulturgut-quellenhof\/wp-json\/wp\/v2\/pages\/7471","targetHints":{"allow":["GET"]}}],"collection":[{"href":"https:\/\/www.quellen-hof.de\/kulturgut-quellenhof\/wp-json\/wp\/v2\/pages"}],"about":[{"href":"https:\/\/www.quellen-hof.de\/kulturgut-quellenhof\/wp-json\/wp\/v2\/types\/page"}],"author":[{"embeddable":true,"href":"https:\/\/www.quellen-hof.de\/kulturgut-quellenhof\/wp-json\/wp\/v2\/users\/7"}],"replies":[{"embeddable":true,"href":"https:\/\/www.quellen-hof.de\/kulturgut-quellenhof\/wp-json\/wp\/v2\/comments?post=7471"}],"version-history":[{"count":26,"href":"https:\/\/www.quellen-hof.de\/kulturgut-quellenhof\/wp-json\/wp\/v2\/pages\/7471\/revisions"}],"predecessor-version":[{"id":7827,"href":"https:\/\/www.quellen-hof.de\/kulturgut-quellenhof\/wp-json\/wp\/v2\/pages\/7471\/revisions\/7827"}],"wp:attachment":[{"href":"https:\/\/www.quellen-hof.de\/kulturgut-quellenhof\/wp-json\/wp\/v2\/media?parent=7471"}],"curies":[{"name":"wp","href":"https:\/\/api.w.org\/{rel}","templated":true}]}}