{"id":164,"date":"2019-02-07T13:27:39","date_gmt":"2019-02-07T12:27:39","guid":{"rendered":"https:\/\/www.quellen-hof.de\/?page_id=164"},"modified":"2020-07-01T14:45:11","modified_gmt":"2020-07-01T12:45:11","slug":"ziele","status":"publish","type":"page","link":"https:\/\/www.quellen-hof.de\/kulturgut-quellenhof\/ziele\/","title":{"rendered":"Ziele"},"content":{"rendered":"\t\t<div data-elementor-type=\"wp-post\" data-elementor-id=\"164\" class=\"elementor elementor-164\">\n\t\t\t\t\t\t<section class=\"elementor-section elementor-top-section elementor-element elementor-element-7911ada elementor-section-boxed elementor-section-height-default elementor-section-height-default elementor-invisible\" data-id=\"7911ada\" data-element_type=\"section\" data-e-type=\"section\" data-settings=\"{&quot;animation&quot;:&quot;fadeInUp&quot;,&quot;animation_delay&quot;:200}\">\n\t\t\t\t\t\t<div class=\"elementor-container elementor-column-gap-default\">\n\t\t\t\t\t<div class=\"elementor-column elementor-col-50 elementor-top-column elementor-element elementor-element-6c04ffb\" data-id=\"6c04ffb\" data-element_type=\"column\" data-e-type=\"column\">\n\t\t\t<div class=\"elementor-widget-wrap elementor-element-populated\">\n\t\t\t\t\t\t<div class=\"elementor-element elementor-element-7a4b48d elementor-widget elementor-widget-image-gallery\" data-id=\"7a4b48d\" data-element_type=\"widget\" data-e-type=\"widget\" data-widget_type=\"image-gallery.default\">\n\t\t\t\t<div class=\"elementor-widget-container\">\n\t\t\t\t\t\t\t<div class=\"elementor-image-gallery\">\n\t\t\t<div id='gallery-1' class='gallery galleryid-164 gallery-columns-1 gallery-size-large'><figure class='gallery-item'>\n\t\t\t<div class='gallery-icon landscape'>\n\t\t\t\t<a data-elementor-open-lightbox=\"yes\" data-elementor-lightbox-slideshow=\"7a4b48d\" data-e-action-hash=\"#elementor-action%3Aaction%3Dlightbox%26settings%3DeyJpZCI6MTY2LCJ1cmwiOiJodHRwczpcL1wvd3d3LnF1ZWxsZW4taG9mLmRlXC9rdWx0dXJndXQtcXVlbGxlbmhvZlwvd3AtY29udGVudFwvdXBsb2Fkc1wvMjAxOVwvMDJcL0hvZmFuc2ljaHQuanBnIiwic2xpZGVzaG93IjoiN2E0YjQ4ZCJ9\" href='https:\/\/www.quellen-hof.de\/kulturgut-quellenhof\/wp-content\/uploads\/2019\/02\/Hofansicht.jpg' data-lbwps-width=\"500\" data-lbwps-height=\"339\" data-lbwps-srcsmall=\"https:\/\/www.quellen-hof.de\/kulturgut-quellenhof\/wp-content\/uploads\/2019\/02\/Hofansicht-300x203.jpg\"><img fetchpriority=\"high\" decoding=\"async\" width=\"500\" height=\"339\" src=\"https:\/\/www.quellen-hof.de\/kulturgut-quellenhof\/wp-content\/uploads\/2019\/02\/Hofansicht.jpg\" class=\"attachment-large size-large\" alt=\"\" srcset=\"https:\/\/www.quellen-hof.de\/kulturgut-quellenhof\/wp-content\/uploads\/2019\/02\/Hofansicht.jpg 500w, https:\/\/www.quellen-hof.de\/kulturgut-quellenhof\/wp-content\/uploads\/2019\/02\/Hofansicht-300x203.jpg 300w\" sizes=\"(max-width: 500px) 100vw, 500px\" \/><\/a>\n\t\t\t<\/div><\/figure>\n\t\t<\/div>\n\t\t<\/div>\n\t\t\t\t\t\t<\/div>\n\t\t\t\t<\/div>\n\t\t\t\t<div class=\"elementor-element elementor-element-d86abd1 elementor-drop-cap-yes elementor-drop-cap-view-default elementor-widget elementor-widget-text-editor\" data-id=\"d86abd1\" data-element_type=\"widget\" data-e-type=\"widget\" data-settings=\"{&quot;drop_cap&quot;:&quot;yes&quot;}\" data-widget_type=\"text-editor.default\">\n\t\t\t\t<div class=\"elementor-widget-container\">\n\t\t\t\t\t\t\t\t\t<p>G\u00f6pfersdorf ist \u00fcber die Grenzen des Altenburger Landes hinaus als kunst- und kulturverr\u00fcckte Gemeinde bekannt.<br \/>Die Sanierung eines denkmalgesch\u00fctzten Pferdestallgeb\u00e4udes 1984-87 war Anla\u00df zur Gr\u00fcndung der gleichnamigen Galerie und seitdem finden j\u00e4hrlich f\u00fcnf Ausstellungen zeitgen\u00f6ssischer K\u00fcnstler statt. Inzwischen haben \u00fcber 100 in der \u201eGalerie Pferdestall\u201d ausgestellt. Mit der Sanierung und Umnutzung des \u201eKulturgut Quellenhof\u201d im Ortsteil Garbisdorf zog die Galerie 2007 in den Quellenhof um und ist seitdem auch ihrer Intension, der Druckgrafik einen besonderen Platz einzur\u00e4umen, treu geblieben. Seit 2008 erscheinen in loser Folge auch die \u201eG\u00f6pfersdorfer Kunstbl\u00e4tter\u201c.<br \/>Bereits seit vielen Jahren organisiert der Heimatverein G\u00f6pfersdorf e.V., \u00fcber die Galerie hinausgehend, eine Vielzahl von Veranstaltungen. Die, daf\u00fcr nutzbaren, R\u00e4umlichkeiten in der Gemeinde G\u00f6pfersdorf waren lange Zeit sehr begrenzt. Mit der schrittweisen Umnutzung des \u201eKulturgut Quellenhof\u201d konnte sowohl die Qualit\u00e4t als auch die Anzahl der Veranstaltungen deutlich erh\u00f6ht werden. So bildet inzwischen die \u201eKulturscheune\u201d (Haferscheune) den Mittelpunkt f\u00fcr Ausstellungen und eine Vielzahl kultureller Veranstaltungen.<br \/><br \/><br \/>Von A wie A cappella bis Z wie Zauberei wird ganzj\u00e4hrig ein umfangreiches Angebot f\u00fcr (fast) jeden Geschmack organisiert. H\u00f6hepunkte sind zweifellos das j\u00e4hrliche Holzbildhauer-Pleinair (meist drei Wochen rund um Pfingsten) und das Garbisdorfer Vogelschie\u00dfen (immer am letzten Sonntag im Juni).<br \/><br \/>Auch das Oldtimer-Treffen (Ende April), das Sommerkabarett der \u201eN\u00f6rgels\u00e4cke\u201d aus G\u00f6\u00dfnitz (Mitte bis Ende Juli), sowie Musik-, Literatur- oder Filmveranstaltungen sind immer einen Besuch wert.<br \/>Des Weiteren kann in unseren vereinseigenen Werkst\u00e4tten f\u00fcr Keramik und f\u00fcr Druckgrafik traditionelle Handwerkskunst hautnah erlebt und selbst sch\u00f6pferisch-kreativ Hand angelegt werden. Arbeitsgemeinschaften f\u00fcr Regionalgeschichte, f\u00fcr Pflege der Kulturlandschaft und eine Kindertanzgruppe laden zum Mitmachen ein.<\/p>\t\t\t\t\t\t\t\t<\/div>\n\t\t\t\t<\/div>\n\t\t\t\t\t<\/div>\n\t\t<\/div>\n\t\t\t\t<div class=\"elementor-column elementor-col-50 elementor-top-column elementor-element elementor-element-c12f4c2\" data-id=\"c12f4c2\" data-element_type=\"column\" data-e-type=\"column\">\n\t\t\t<div class=\"elementor-widget-wrap elementor-element-populated\">\n\t\t\t\t\t\t<div class=\"elementor-element elementor-element-7788671 elementor-widget elementor-widget-image-gallery\" data-id=\"7788671\" data-element_type=\"widget\" data-e-type=\"widget\" data-widget_type=\"image-gallery.default\">\n\t\t\t\t<div class=\"elementor-widget-container\">\n\t\t\t\t\t\t\t<div class=\"elementor-image-gallery\">\n\t\t\t<div id='gallery-2' class='gallery galleryid-164 gallery-columns-1 gallery-size-large'><figure class='gallery-item'>\n\t\t\t<div class='gallery-icon landscape'>\n\t\t\t\t<a data-elementor-open-lightbox=\"yes\" data-elementor-lightbox-slideshow=\"7788671\" data-elementor-lightbox-title=\"Kuhstall\" data-e-action-hash=\"#elementor-action%3Aaction%3Dlightbox%26settings%3DeyJpZCI6MTY3LCJ1cmwiOiJodHRwczpcL1wvd3d3LnF1ZWxsZW4taG9mLmRlXC9rdWx0dXJndXQtcXVlbGxlbmhvZlwvd3AtY29udGVudFwvdXBsb2Fkc1wvMjAxOVwvMDJcL0t1aHN0YWxsLmpwZyIsInNsaWRlc2hvdyI6Ijc3ODg2NzEifQ%3D%3D\" href='https:\/\/www.quellen-hof.de\/kulturgut-quellenhof\/wp-content\/uploads\/2019\/02\/Kuhstall.jpg' data-lbwps-width=\"500\" data-lbwps-height=\"329\" data-lbwps-srcsmall=\"https:\/\/www.quellen-hof.de\/kulturgut-quellenhof\/wp-content\/uploads\/2019\/02\/Kuhstall-300x197.jpg\"><img decoding=\"async\" width=\"500\" height=\"329\" src=\"https:\/\/www.quellen-hof.de\/kulturgut-quellenhof\/wp-content\/uploads\/2019\/02\/Kuhstall.jpg\" class=\"attachment-large size-large\" alt=\"\" srcset=\"https:\/\/www.quellen-hof.de\/kulturgut-quellenhof\/wp-content\/uploads\/2019\/02\/Kuhstall.jpg 500w, https:\/\/www.quellen-hof.de\/kulturgut-quellenhof\/wp-content\/uploads\/2019\/02\/Kuhstall-300x197.jpg 300w\" sizes=\"(max-width: 500px) 100vw, 500px\" \/><\/a>\n\t\t\t<\/div><\/figure>\n\t\t<\/div>\n\t\t<\/div>\n\t\t\t\t\t\t<\/div>\n\t\t\t\t<\/div>\n\t\t\t\t<div class=\"elementor-element elementor-element-eac9499 elementor-widget elementor-widget-text-editor\" data-id=\"eac9499\" data-element_type=\"widget\" data-e-type=\"widget\" data-widget_type=\"text-editor.default\">\n\t\t\t\t<div class=\"elementor-widget-container\">\n\t\t\t\t\t\t\t\t\t<p>Perspektivisch werden eine Dauerausstellung alter landwirtschaftlicher, handwerklicher und hauswirtschaftlicher Ger\u00e4te, eine kleine gastronomische Einrichtung und \u00dcbernachtungsm\u00f6glichkeiten die Angebotspalette erg\u00e4nzen und abrunden.<\/p><p>Hervorzuheben ist die M\u00f6glichkeit, auch Schulungen, Seminare und private Feiern in diesem besonderen Ambiente durchf\u00fchren zu k\u00f6nnen.<\/p><p>Mit dem \u201eKulturgut Quellenhof\u201d entsteht in einem denkmalgesch\u00fctzten Ensemble eine Begegnungsst\u00e4tte f\u00fcr das unmittelbare Erleben von Kunst und Kultur, deren Ausstrahlung \u00fcber die Region Ostth\u00fcringens hinausreicht. Das, sehr flexibel angelegte, Konzept und seine schrittweise Umsetzung garantiert einen, die laufenden Kosten des Hofes deckenden, Betrieb, womit Kontinuit\u00e4t und Nachhaltigkeit des Projektes \u201eKulturgut Quellenhof\u201d gesichert werden.<\/p>\t\t\t\t\t\t\t\t<\/div>\n\t\t\t\t<\/div>\n\t\t\t\t<div class=\"elementor-element elementor-element-eb06a64 elementor-widget elementor-widget-image-gallery\" data-id=\"eb06a64\" data-element_type=\"widget\" data-e-type=\"widget\" data-widget_type=\"image-gallery.default\">\n\t\t\t\t<div class=\"elementor-widget-container\">\n\t\t\t\t\t\t\t<div class=\"elementor-image-gallery\">\n\t\t\t<div id='gallery-3' class='gallery galleryid-164 gallery-columns-1 gallery-size-large'><figure class='gallery-item'>\n\t\t\t<div class='gallery-icon landscape'>\n\t\t\t\t<a data-elementor-open-lightbox=\"yes\" data-elementor-lightbox-slideshow=\"eb06a64\" data-elementor-lightbox-title=\"Westansicht\" data-e-action-hash=\"#elementor-action%3Aaction%3Dlightbox%26settings%3DeyJpZCI6MTY4LCJ1cmwiOiJodHRwczpcL1wvd3d3LnF1ZWxsZW4taG9mLmRlXC9rdWx0dXJndXQtcXVlbGxlbmhvZlwvd3AtY29udGVudFwvdXBsb2Fkc1wvMjAxOVwvMDJcL1dlc3RhbnNpY2h0LmpwZyIsInNsaWRlc2hvdyI6ImViMDZhNjQifQ%3D%3D\" href='https:\/\/www.quellen-hof.de\/kulturgut-quellenhof\/wp-content\/uploads\/2019\/02\/Westansicht.jpg' data-lbwps-width=\"500\" data-lbwps-height=\"333\" data-lbwps-srcsmall=\"https:\/\/www.quellen-hof.de\/kulturgut-quellenhof\/wp-content\/uploads\/2019\/02\/Westansicht-300x200.jpg\"><img decoding=\"async\" width=\"500\" height=\"333\" src=\"https:\/\/www.quellen-hof.de\/kulturgut-quellenhof\/wp-content\/uploads\/2019\/02\/Westansicht.jpg\" class=\"attachment-large size-large\" alt=\"\" srcset=\"https:\/\/www.quellen-hof.de\/kulturgut-quellenhof\/wp-content\/uploads\/2019\/02\/Westansicht.jpg 500w, https:\/\/www.quellen-hof.de\/kulturgut-quellenhof\/wp-content\/uploads\/2019\/02\/Westansicht-300x200.jpg 300w\" sizes=\"(max-width: 500px) 100vw, 500px\" \/><\/a>\n\t\t\t<\/div><\/figure>\n\t\t<\/div>\n\t\t<\/div>\n\t\t\t\t\t\t<\/div>\n\t\t\t\t<\/div>\n\t\t\t\t\t<\/div>\n\t\t<\/div>\n\t\t\t\t\t<\/div>\n\t\t<\/section>\n\t\t\t\t<section class=\"elementor-section elementor-top-section elementor-element elementor-element-51294b9 elementor-section-stretched elementor-section-boxed elementor-section-height-default elementor-section-height-default\" data-id=\"51294b9\" data-element_type=\"section\" data-e-type=\"section\" data-settings=\"{&quot;stretch_section&quot;:&quot;section-stretched&quot;,&quot;shape_divider_bottom&quot;:&quot;curve&quot;,&quot;shape_divider_bottom_negative&quot;:&quot;yes&quot;}\">\n\t\t\t\t\t<div class=\"elementor-shape elementor-shape-bottom\" aria-hidden=\"true\" data-negative=\"true\">\n\t\t\t<svg xmlns=\"http:\/\/www.w3.org\/2000\/svg\" viewBox=\"0 0 1000 100\" preserveAspectRatio=\"none\">\n\t<path class=\"elementor-shape-fill\" d=\"M500,97C126.7,96.3,0.8,19.8,0,0v100l1000,0V1C1000,19.4,873.3,97.8,500,97z\"\/>\n<\/svg>\t\t<\/div>\n\t\t\t\t\t<div class=\"elementor-container elementor-column-gap-default\">\n\t\t\t\t\t<div class=\"elementor-column elementor-col-25 elementor-top-column elementor-element elementor-element-abc5b02\" data-id=\"abc5b02\" data-element_type=\"column\" data-e-type=\"column\">\n\t\t\t<div class=\"elementor-widget-wrap elementor-element-populated\">\n\t\t\t\t\t\t<div class=\"elementor-element elementor-element-7c54000 elementor-align-justify elementor-widget elementor-widget-button\" data-id=\"7c54000\" data-element_type=\"widget\" data-e-type=\"widget\" data-widget_type=\"button.default\">\n\t\t\t\t<div class=\"elementor-widget-container\">\n\t\t\t\t\t\t\t\t\t<div class=\"elementor-button-wrapper\">\n\t\t\t\t\t<a class=\"elementor-button elementor-button-link elementor-size-sm\" href=\"https:\/\/www.quellen-hof.de\/kulturgut-quellenhof\/quellenhof\">\n\t\t\t\t\t\t<span class=\"elementor-button-content-wrapper\">\n\t\t\t\t\t\t<span class=\"elementor-button-icon\">\n\t\t\t\t<i aria-hidden=\"true\" class=\"fas fa-arrow-circle-left\"><\/i>\t\t\t<\/span>\n\t\t\t\t\t\t\t\t\t<span class=\"elementor-button-text\">Quellenhof<\/span>\n\t\t\t\t\t<\/span>\n\t\t\t\t\t<\/a>\n\t\t\t\t<\/div>\n\t\t\t\t\t\t\t\t<\/div>\n\t\t\t\t<\/div>\n\t\t\t\t\t<\/div>\n\t\t<\/div>\n\t\t\t\t<div class=\"elementor-column elementor-col-25 elementor-top-column elementor-element elementor-element-fbc730f\" data-id=\"fbc730f\" data-element_type=\"column\" data-e-type=\"column\">\n\t\t\t<div class=\"elementor-widget-wrap\">\n\t\t\t\t\t\t\t<\/div>\n\t\t<\/div>\n\t\t\t\t<div class=\"elementor-column elementor-col-25 elementor-top-column elementor-element elementor-element-b22f07c\" data-id=\"b22f07c\" data-element_type=\"column\" data-e-type=\"column\">\n\t\t\t<div class=\"elementor-widget-wrap\">\n\t\t\t\t\t\t\t<\/div>\n\t\t<\/div>\n\t\t\t\t<div class=\"elementor-column elementor-col-25 elementor-top-column elementor-element elementor-element-29da02c\" data-id=\"29da02c\" data-element_type=\"column\" data-e-type=\"column\">\n\t\t\t<div class=\"elementor-widget-wrap elementor-element-populated\">\n\t\t\t\t\t\t<div class=\"elementor-element elementor-element-a205ef2 elementor-align-justify elementor-widget elementor-widget-button\" data-id=\"a205ef2\" data-element_type=\"widget\" data-e-type=\"widget\" data-widget_type=\"button.default\">\n\t\t\t\t<div class=\"elementor-widget-container\">\n\t\t\t\t\t\t\t\t\t<div class=\"elementor-button-wrapper\">\n\t\t\t\t\t<a class=\"elementor-button elementor-button-link elementor-size-sm\" href=\"https:\/\/www.quellen-hof.de\/kulturgut-quellenhof\/geschichte\">\n\t\t\t\t\t\t<span class=\"elementor-button-content-wrapper\">\n\t\t\t\t\t\t<span class=\"elementor-button-icon\">\n\t\t\t\t<i aria-hidden=\"true\" class=\"fas fa-arrow-circle-right\"><\/i>\t\t\t<\/span>\n\t\t\t\t\t\t\t\t\t<span class=\"elementor-button-text\">Geschichte<\/span>\n\t\t\t\t\t<\/span>\n\t\t\t\t\t<\/a>\n\t\t\t\t<\/div>\n\t\t\t\t\t\t\t\t<\/div>\n\t\t\t\t<\/div>\n\t\t\t\t\t<\/div>\n\t\t<\/div>\n\t\t\t\t\t<\/div>\n\t\t<\/section>\n\t\t\t\t<\/div>\n\t\t","protected":false},"excerpt":{"rendered":"<p>G\u00f6pfersdorf ist \u00fcber die Grenzen des Altenburger Landes hinaus als kunst- und kulturverr\u00fcckte Gemeinde bekannt.Die Sanierung eines denkmalgesch\u00fctzten Pferdestallgeb\u00e4udes 1984-87 war Anla\u00df zur Gr\u00fcndung der gleichnamigen Galerie und seitdem finden [&hellip;]<\/p>\n","protected":false},"author":4,"featured_media":0,"parent":0,"menu_order":0,"comment_status":"closed","ping_status":"closed","template":"elementor_header_footer","meta":{"footnotes":""},"class_list":["post-164","page","type-page","status-publish","hentry"],"_links":{"self":[{"href":"https:\/\/www.quellen-hof.de\/kulturgut-quellenhof\/wp-json\/wp\/v2\/pages\/164","targetHints":{"allow":["GET"]}}],"collection":[{"href":"https:\/\/www.quellen-hof.de\/kulturgut-quellenhof\/wp-json\/wp\/v2\/pages"}],"about":[{"href":"https:\/\/www.quellen-hof.de\/kulturgut-quellenhof\/wp-json\/wp\/v2\/types\/page"}],"author":[{"embeddable":true,"href":"https:\/\/www.quellen-hof.de\/kulturgut-quellenhof\/wp-json\/wp\/v2\/users\/4"}],"replies":[{"embeddable":true,"href":"https:\/\/www.quellen-hof.de\/kulturgut-quellenhof\/wp-json\/wp\/v2\/comments?post=164"}],"version-history":[{"count":18,"href":"https:\/\/www.quellen-hof.de\/kulturgut-quellenhof\/wp-json\/wp\/v2\/pages\/164\/revisions"}],"predecessor-version":[{"id":6242,"href":"https:\/\/www.quellen-hof.de\/kulturgut-quellenhof\/wp-json\/wp\/v2\/pages\/164\/revisions\/6242"}],"wp:attachment":[{"href":"https:\/\/www.quellen-hof.de\/kulturgut-quellenhof\/wp-json\/wp\/v2\/media?parent=164"}],"curies":[{"name":"wp","href":"https:\/\/api.w.org\/{rel}","templated":true}]}}