{"id":155,"date":"2019-02-06T17:41:27","date_gmt":"2019-02-06T16:41:27","guid":{"rendered":"https:\/\/www.quellen-hof.de\/?page_id=155"},"modified":"2020-07-01T14:43:17","modified_gmt":"2020-07-01T12:43:17","slug":"quellenhof","status":"publish","type":"page","link":"https:\/\/www.quellen-hof.de\/kulturgut-quellenhof\/quellenhof\/","title":{"rendered":"Quellenhof"},"content":{"rendered":"\t\t<div data-elementor-type=\"wp-post\" data-elementor-id=\"155\" class=\"elementor elementor-155\">\n\t\t\t\t\t\t<section class=\"elementor-section elementor-top-section elementor-element elementor-element-3a9ae2d elementor-section-stretched elementor-section-boxed elementor-section-height-default elementor-section-height-default\" data-id=\"3a9ae2d\" data-element_type=\"section\" data-e-type=\"section\" data-settings=\"{&quot;stretch_section&quot;:&quot;section-stretched&quot;}\">\n\t\t\t\t\t\t<div class=\"elementor-container elementor-column-gap-default\">\n\t\t\t\t\t<div class=\"elementor-column elementor-col-100 elementor-top-column elementor-element elementor-element-17f8f17\" data-id=\"17f8f17\" data-element_type=\"column\" data-e-type=\"column\">\n\t\t\t<div class=\"elementor-widget-wrap elementor-element-populated\">\n\t\t\t\t\t\t<div class=\"elementor-element elementor-element-62f4969 elementor-invisible elementor-widget elementor-widget-heading\" data-id=\"62f4969\" data-element_type=\"widget\" data-e-type=\"widget\" data-settings=\"{&quot;_animation&quot;:&quot;fadeInLeft&quot;}\" data-widget_type=\"heading.default\">\n\t\t\t\t<div class=\"elementor-widget-container\">\n\t\t\t\t\t<h3 class=\"elementor-heading-title elementor-size-default\">Der Quellenhof in Garbisdorf<\/h3>\t\t\t\t<\/div>\n\t\t\t\t<\/div>\n\t\t\t\t\t<\/div>\n\t\t<\/div>\n\t\t\t\t\t<\/div>\n\t\t<\/section>\n\t\t\t\t<section class=\"elementor-section elementor-top-section elementor-element elementor-element-108b1be elementor-section-boxed elementor-section-height-default elementor-section-height-default\" data-id=\"108b1be\" data-element_type=\"section\" data-e-type=\"section\">\n\t\t\t\t\t\t<div class=\"elementor-container elementor-column-gap-default\">\n\t\t\t\t\t<div class=\"elementor-column elementor-col-100 elementor-top-column elementor-element elementor-element-234f37d\" data-id=\"234f37d\" data-element_type=\"column\" data-e-type=\"column\">\n\t\t\t<div class=\"elementor-widget-wrap elementor-element-populated\">\n\t\t\t\t\t\t<div class=\"elementor-element elementor-element-f8103b9 elementor-widget elementor-widget-heading\" data-id=\"f8103b9\" data-element_type=\"widget\" data-e-type=\"widget\" data-widget_type=\"heading.default\">\n\t\t\t\t<div class=\"elementor-widget-container\">\n\t\t\t\t\t<h4 class=\"elementor-heading-title elementor-size-default\">Umnutzung des denkmalgesch\u00fctzen Bauernhofes als \nKunst-, Kultur- &amp; Begegnungshof im Altenburger Land<\/h4>\t\t\t\t<\/div>\n\t\t\t\t<\/div>\n\t\t\t\t\t<\/div>\n\t\t<\/div>\n\t\t\t\t\t<\/div>\n\t\t<\/section>\n\t\t\t\t<section class=\"elementor-section elementor-top-section elementor-element elementor-element-d7c9966 elementor-section-boxed elementor-section-height-default elementor-section-height-default elementor-invisible\" data-id=\"d7c9966\" data-element_type=\"section\" data-e-type=\"section\" data-settings=\"{&quot;animation&quot;:&quot;fadeInUp&quot;}\">\n\t\t\t\t\t\t<div class=\"elementor-container elementor-column-gap-default\">\n\t\t\t\t\t<div class=\"elementor-column elementor-col-50 elementor-top-column elementor-element elementor-element-c6a16cb\" data-id=\"c6a16cb\" data-element_type=\"column\" data-e-type=\"column\">\n\t\t\t<div class=\"elementor-widget-wrap elementor-element-populated\">\n\t\t\t\t\t\t<div class=\"elementor-element elementor-element-e098902 elementor-widget elementor-widget-text-editor\" data-id=\"e098902\" data-element_type=\"widget\" data-e-type=\"widget\" data-widget_type=\"text-editor.default\">\n\t\t\t\t<div class=\"elementor-widget-container\">\n\t\t\t\t\t\t\t\t\t<p>Wo liegt Garbisdorf?<br \/>Garbisdorf? Nie geh\u00f6rt! Altenburger Land &#8211; hat man schon mal geh\u00f6rt: Altenburger Skatkarten, Altenburger Ziegenk\u00e4se, kennt man irgendwoher, aber Garbisdorf&#8230;\u00a0<br \/>Das Altenburger Land liegt im Osten Th\u00fcringens, und Garbisdorf (Ortsteil der Gemeinde G\u00f6pfersdorf) liegt wiederum am \u00e4u\u00dfersten \u00f6stlichen Ende Th\u00fcringens, fast schon in Sachsen.\u00a0<\/p><p>Das Altenburger Land<br \/>Die \u00e4u\u00dferst reizvolle Landschaft des Wieratales &#8211; im landschaftlichen Spannungsfeld zwischen Leipziger Tieflandbucht und S\u00e4chsischem H\u00fcgelland &#8211; hat mehr Beachtung verdient. Die hier bereits stark h\u00fcgelige Landschaft des Altenburger Landes bietet dem Besucher an jedem Punkt Erlebnisse f\u00fcr Augen, Geist und Seele sowie reizvolle Fernblicke im jahreszeitlichen Farbenspiel.\u00a0<br \/>Zentral gelegen, im 35 km-Radius finden sich Kulturst\u00e4tten, wie Leipzig, Gera, Zwickau und Chemnitz, k\u00f6nnen im Altenburger Land, diese Vierseith\u00f6fe noch im Ursprungszustand bewundert werden.<\/p>\t\t\t\t\t\t\t\t<\/div>\n\t\t\t\t<\/div>\n\t\t\t\t<div class=\"elementor-element elementor-element-4cf80cf gallery-spacing-custom elementor-widget elementor-widget-image-gallery\" data-id=\"4cf80cf\" data-element_type=\"widget\" data-e-type=\"widget\" data-widget_type=\"image-gallery.default\">\n\t\t\t\t<div class=\"elementor-widget-container\">\n\t\t\t\t\t\t\t<div class=\"elementor-image-gallery\">\n\t\t\t<div id='gallery-1' class='gallery galleryid-155 gallery-columns-1 gallery-size-large'><figure class='gallery-item'>\n\t\t\t<div class='gallery-icon landscape'>\n\t\t\t\t<a data-elementor-open-lightbox=\"yes\" data-elementor-lightbox-slideshow=\"4cf80cf\" data-elementor-lightbox-title=\"bild_einfuehrung\" data-e-action-hash=\"#elementor-action%3Aaction%3Dlightbox%26settings%3DeyJpZCI6MTU4LCJ1cmwiOiJodHRwczpcL1wvd3d3LnF1ZWxsZW4taG9mLmRlXC9rdWx0dXJndXQtcXVlbGxlbmhvZlwvd3AtY29udGVudFwvdXBsb2Fkc1wvMjAxOVwvMDJcL2JpbGRfZWluZnVlaHJ1bmcuanBnIiwic2xpZGVzaG93IjoiNGNmODBjZiJ9\" href='https:\/\/www.quellen-hof.de\/kulturgut-quellenhof\/wp-content\/uploads\/2019\/02\/bild_einfuehrung.jpg' data-lbwps-width=\"281\" data-lbwps-height=\"200\" data-lbwps-srcsmall=\"https:\/\/www.quellen-hof.de\/kulturgut-quellenhof\/wp-content\/uploads\/2019\/02\/bild_einfuehrung.jpg\"><img fetchpriority=\"high\" decoding=\"async\" width=\"281\" height=\"200\" src=\"https:\/\/www.quellen-hof.de\/kulturgut-quellenhof\/wp-content\/uploads\/2019\/02\/bild_einfuehrung.jpg\" class=\"attachment-large size-large\" alt=\"\" \/><\/a>\n\t\t\t<\/div><\/figure>\n\t\t<\/div>\n\t\t<\/div>\n\t\t\t\t\t\t<\/div>\n\t\t\t\t<\/div>\n\t\t\t\t\t<\/div>\n\t\t<\/div>\n\t\t\t\t<div class=\"elementor-column elementor-col-50 elementor-top-column elementor-element elementor-element-23d4ccf\" data-id=\"23d4ccf\" data-element_type=\"column\" data-e-type=\"column\">\n\t\t\t<div class=\"elementor-widget-wrap elementor-element-populated\">\n\t\t\t\t\t\t<div class=\"elementor-element elementor-element-381834f elementor-widget elementor-widget-image-gallery\" data-id=\"381834f\" data-element_type=\"widget\" data-e-type=\"widget\" data-widget_type=\"image-gallery.default\">\n\t\t\t\t<div class=\"elementor-widget-container\">\n\t\t\t\t\t\t\t<div class=\"elementor-image-gallery\">\n\t\t\t<div id='gallery-2' class='gallery galleryid-155 gallery-columns-1 gallery-size-large'><figure class='gallery-item'>\n\t\t\t<div class='gallery-icon landscape'>\n\t\t\t\t<a data-elementor-open-lightbox=\"yes\" data-elementor-lightbox-slideshow=\"381834f\" data-e-action-hash=\"#elementor-action%3Aaction%3Dlightbox%26settings%3DeyJpZCI6MTYwLCJ1cmwiOiJodHRwczpcL1wvd3d3LnF1ZWxsZW4taG9mLmRlXC9rdWx0dXJndXQtcXVlbGxlbmhvZlwvd3AtY29udGVudFwvdXBsb2Fkc1wvMjAxOVwvMDJcL0hhZmVyc2NoZXVuZS0xLmpwZyIsInNsaWRlc2hvdyI6IjM4MTgzNGYifQ%3D%3D\" href='https:\/\/www.quellen-hof.de\/kulturgut-quellenhof\/wp-content\/uploads\/2019\/02\/Haferscheune-1.jpg' data-lbwps-width=\"640\" data-lbwps-height=\"428\" data-lbwps-srcsmall=\"https:\/\/www.quellen-hof.de\/kulturgut-quellenhof\/wp-content\/uploads\/2019\/02\/Haferscheune-1-300x201.jpg\"><img decoding=\"async\" width=\"640\" height=\"428\" src=\"https:\/\/www.quellen-hof.de\/kulturgut-quellenhof\/wp-content\/uploads\/2019\/02\/Haferscheune-1.jpg\" class=\"attachment-large size-large\" alt=\"\" srcset=\"https:\/\/www.quellen-hof.de\/kulturgut-quellenhof\/wp-content\/uploads\/2019\/02\/Haferscheune-1.jpg 640w, https:\/\/www.quellen-hof.de\/kulturgut-quellenhof\/wp-content\/uploads\/2019\/02\/Haferscheune-1-300x201.jpg 300w\" sizes=\"(max-width: 640px) 100vw, 640px\" \/><\/a>\n\t\t\t<\/div><\/figure>\n\t\t<\/div>\n\t\t<\/div>\n\t\t\t\t\t\t<\/div>\n\t\t\t\t<\/div>\n\t\t\t\t<div class=\"elementor-element elementor-element-ec65869 elementor-widget elementor-widget-text-editor\" data-id=\"ec65869\" data-element_type=\"widget\" data-e-type=\"widget\" data-widget_type=\"text-editor.default\">\n\t\t\t\t<div class=\"elementor-widget-container\">\n\t\t\t\t\t\t\t\t\t<p>Die Region Ostth\u00fcringen\/Westsachsen, speziell der Landkreis Altenburger Land ist reich an bau- und kulturgeschichtlich wertvollen Bauernh\u00f6fen. Die Altenburger Vierseith\u00f6fe sind in ihrer Art und Struktur einmalig in Deutschland. Pr\u00e4gend f\u00fcr diese H\u00f6fe ist einerseits die typische Altenburger Fachwerkarchitektur und andererseits deren Gr\u00f6\u00dfe und Geschlossenheit.<\/p><p>Was ist der Quellenhof?<br \/>Die Gemeinde G\u00f6pfersdorf hat den Quellenhof Ende 2001 aufgrund seines desolaten Bauzustandes und seines ortsbildpr\u00e4genden Charakters erworben. Ziel ist es, den Verfall zu stoppen und das Objekt einer attraktiven, dauerhaften Nutzung zuzuf\u00fchren.<\/p><p>Die Geschichte des Quellenhofes ist l\u00fcckenlos bis ins Jahr 1717 zur\u00fcck zu verfolgen. Nach einem Brand im Jahr 1804 sind im selben Jahr alle Geb\u00e4ude neu errichtet worden und original erhalten. Umgeben von Obstg\u00e4rten, Wiesen und einem Teich, liegt der Hof, am Rande eines 18.000 m\u00b2 gro\u00dfen Wiesengrundst\u00fccke.<\/p>\t\t\t\t\t\t\t\t<\/div>\n\t\t\t\t<\/div>\n\t\t\t\t\t<\/div>\n\t\t<\/div>\n\t\t\t\t\t<\/div>\n\t\t<\/section>\n\t\t\t\t<section class=\"elementor-section elementor-top-section elementor-element elementor-element-aece98f elementor-section-stretched elementor-section-boxed elementor-section-height-default elementor-section-height-default\" data-id=\"aece98f\" data-element_type=\"section\" data-e-type=\"section\" data-settings=\"{&quot;stretch_section&quot;:&quot;section-stretched&quot;,&quot;shape_divider_bottom&quot;:&quot;curve&quot;,&quot;shape_divider_bottom_negative&quot;:&quot;yes&quot;}\">\n\t\t\t\t\t<div class=\"elementor-shape elementor-shape-bottom\" aria-hidden=\"true\" data-negative=\"true\">\n\t\t\t<svg xmlns=\"http:\/\/www.w3.org\/2000\/svg\" viewBox=\"0 0 1000 100\" preserveAspectRatio=\"none\">\n\t<path class=\"elementor-shape-fill\" d=\"M500,97C126.7,96.3,0.8,19.8,0,0v100l1000,0V1C1000,19.4,873.3,97.8,500,97z\"\/>\n<\/svg>\t\t<\/div>\n\t\t\t\t\t<div class=\"elementor-container elementor-column-gap-default\">\n\t\t\t\t\t<div class=\"elementor-column elementor-col-25 elementor-top-column elementor-element elementor-element-b3e0f70\" data-id=\"b3e0f70\" data-element_type=\"column\" data-e-type=\"column\">\n\t\t\t<div class=\"elementor-widget-wrap\">\n\t\t\t\t\t\t\t<\/div>\n\t\t<\/div>\n\t\t\t\t<div class=\"elementor-column elementor-col-25 elementor-top-column elementor-element elementor-element-228af66\" data-id=\"228af66\" data-element_type=\"column\" data-e-type=\"column\">\n\t\t\t<div class=\"elementor-widget-wrap\">\n\t\t\t\t\t\t\t<\/div>\n\t\t<\/div>\n\t\t\t\t<div class=\"elementor-column elementor-col-25 elementor-top-column elementor-element elementor-element-d90c9ab\" data-id=\"d90c9ab\" data-element_type=\"column\" data-e-type=\"column\">\n\t\t\t<div class=\"elementor-widget-wrap\">\n\t\t\t\t\t\t\t<\/div>\n\t\t<\/div>\n\t\t\t\t<div class=\"elementor-column elementor-col-25 elementor-top-column elementor-element elementor-element-43c0af7\" data-id=\"43c0af7\" data-element_type=\"column\" data-e-type=\"column\">\n\t\t\t<div class=\"elementor-widget-wrap elementor-element-populated\">\n\t\t\t\t\t\t<div class=\"elementor-element elementor-element-45f945b elementor-align-justify elementor-widget elementor-widget-button\" data-id=\"45f945b\" data-element_type=\"widget\" data-e-type=\"widget\" data-widget_type=\"button.default\">\n\t\t\t\t<div class=\"elementor-widget-container\">\n\t\t\t\t\t\t\t\t\t<div class=\"elementor-button-wrapper\">\n\t\t\t\t\t<a class=\"elementor-button elementor-button-link elementor-size-sm\" href=\"https:\/\/www.quellen-hof.de\/kulturgut-quellenhof\/ziele\/\">\n\t\t\t\t\t\t<span class=\"elementor-button-content-wrapper\">\n\t\t\t\t\t\t<span class=\"elementor-button-icon\">\n\t\t\t\t<i aria-hidden=\"true\" class=\"fas fa-arrow-circle-right\"><\/i>\t\t\t<\/span>\n\t\t\t\t\t\t\t\t\t<span class=\"elementor-button-text\">Ziele<\/span>\n\t\t\t\t\t<\/span>\n\t\t\t\t\t<\/a>\n\t\t\t\t<\/div>\n\t\t\t\t\t\t\t\t<\/div>\n\t\t\t\t<\/div>\n\t\t\t\t\t<\/div>\n\t\t<\/div>\n\t\t\t\t\t<\/div>\n\t\t<\/section>\n\t\t\t\t<\/div>\n\t\t","protected":false},"excerpt":{"rendered":"<p>Der Quellenhof in Garbisdorf Umnutzung des denkmalgesch\u00fctzen Bauernhofes als Kunst-, Kultur- &amp; Begegnungshof im Altenburger Land Wo liegt Garbisdorf?Garbisdorf? Nie geh\u00f6rt! Altenburger Land &#8211; hat man schon mal geh\u00f6rt: Altenburger [&hellip;]<\/p>\n","protected":false},"author":4,"featured_media":0,"parent":0,"menu_order":0,"comment_status":"closed","ping_status":"closed","template":"elementor_header_footer","meta":{"footnotes":""},"class_list":["post-155","page","type-page","status-publish","hentry"],"_links":{"self":[{"href":"https:\/\/www.quellen-hof.de\/kulturgut-quellenhof\/wp-json\/wp\/v2\/pages\/155","targetHints":{"allow":["GET"]}}],"collection":[{"href":"https:\/\/www.quellen-hof.de\/kulturgut-quellenhof\/wp-json\/wp\/v2\/pages"}],"about":[{"href":"https:\/\/www.quellen-hof.de\/kulturgut-quellenhof\/wp-json\/wp\/v2\/types\/page"}],"author":[{"embeddable":true,"href":"https:\/\/www.quellen-hof.de\/kulturgut-quellenhof\/wp-json\/wp\/v2\/users\/4"}],"replies":[{"embeddable":true,"href":"https:\/\/www.quellen-hof.de\/kulturgut-quellenhof\/wp-json\/wp\/v2\/comments?post=155"}],"version-history":[{"count":11,"href":"https:\/\/www.quellen-hof.de\/kulturgut-quellenhof\/wp-json\/wp\/v2\/pages\/155\/revisions"}],"predecessor-version":[{"id":6241,"href":"https:\/\/www.quellen-hof.de\/kulturgut-quellenhof\/wp-json\/wp\/v2\/pages\/155\/revisions\/6241"}],"wp:attachment":[{"href":"https:\/\/www.quellen-hof.de\/kulturgut-quellenhof\/wp-json\/wp\/v2\/media?parent=155"}],"curies":[{"name":"wp","href":"https:\/\/api.w.org\/{rel}","templated":true}]}}